	{"id":651,"date":"2023-12-28T06:06:44","date_gmt":"2023-12-28T06:06:44","guid":{"rendered":"https:\/\/demos.eaglevisionit.com\/woo-booster-pro\/?page_id=651"},"modified":"2023-12-28T11:01:42","modified_gmt":"2023-12-28T11:01:42","slug":"pricing","status":"publish","type":"page","link":"https:\/\/demos.eaglevisionit.com\/woo-booster-pro\/pricing\/","title":{"rendered":"Pricing"},"content":{"rendered":"\n<div class=\"wp-block-group alignfull has-global-padding is-layout-constrained wp-container-core-group-is-layout-669513ed wp-block-group-is-layout-constrained\" style=\"margin-top:0;margin-bottom:0;padding-top:var(--wp--preset--spacing--50);padding-right:var(--wp--preset--spacing--50);padding-bottom:var(--wp--preset--spacing--50);padding-left:var(--wp--preset--spacing--50)\">\n<div class=\"wp-block-group alignwide has-base-2-background-color has-background has-global-padding is-layout-constrained wp-container-core-group-is-layout-a151063b wp-block-group-is-layout-constrained\" style=\"border-radius:16px;padding-top:var(--wp--preset--spacing--50);padding-right:var(--wp--preset--spacing--40);padding-bottom:var(--wp--preset--spacing--50);padding-left:var(--wp--preset--spacing--40)\">\n<div class=\"wp-block-group alignwide is-vertical is-content-justification-stretch is-layout-flex wp-container-core-group-is-layout-353c4f5a wp-block-group-is-layout-flex\">\n<h2 class=\"wp-block-heading has-text-align-center\" style=\"font-size:clamp(24.034px, 1.502rem + ((1vw - 3.2px) * 1.629), 40px);\">PRICING<\/h2>\n\n\n\n<p class=\"has-text-align-center\" style=\"margin-top:var(--wp--preset--spacing--10);font-size:clamp(0.875rem, 0.875rem + ((1vw - 0.2rem) * 0.408), 1.125rem);\">We offer flexible options, which you can adapt to the different needs of each project.<\/p>\n<\/div>\n\n\n\n<div style=\"height:var(--wp--preset--spacing--30)\" aria-hidden=\"true\" class=\"wp-block-spacer\"><\/div>\n\n\n\n<div class=\"wp-block-columns alignwide is-layout-flex wp-container-core-columns-is-layout-47c06fe3 wp-block-columns-is-layout-flex\">\n<div class=\"wp-block-column is-layout-flow wp-container-core-column-is-layout-29e208b5 wp-block-column-is-layout-flow\" style=\"border-top-color:var(--wp--preset--color--contrast-3);border-top-width:1px;padding-top:var(--wp--preset--spacing--30);padding-right:var(--wp--preset--spacing--70);padding-bottom:var(--wp--preset--spacing--10);padding-left:var(--wp--preset--spacing--30)\">\n<h4 class=\"wp-block-heading has-text-align-center has-medium-font-size\" style=\"padding-top:1px\">\n\t\t\t\t\t<em>Free<\/em>\n\t\t\t\t<\/h4>\n\n\n\n<h5 class=\"wp-block-heading has-text-align-center has-x-large-font-size\" style=\"margin-top:var(--wp--preset--spacing--50);margin-bottom:0\">$0<\/h5>\n\n\n\n<div style=\"height:var(--wp--preset--spacing--10)\" aria-hidden=\"true\" class=\"wp-block-spacer\"><\/div>\n\n\n\n<div class=\"wp-block-group is-vertical is-content-justification-stretch is-layout-flex wp-container-core-group-is-layout-353c4f5a wp-block-group-is-layout-flex\">\n<p class=\"has-text-align-center\">Access to 5 exclusive <em>\u00c9tudes Articles<\/em> per month.<\/p>\n\n\n\n<hr class=\"wp-block-separator has-text-color has-contrast-color has-alpha-channel-opacity has-contrast-background-color has-background is-style-wide\"\/>\n\n\n\n<p class=\"has-text-align-center has-contrast-2-color has-text-color has-link-color wp-elements-175f04a12ac322556d09eb2a64f68ce0\">\n\t\t\t\t\t\t<s>Weekly print edition.<\/s>\n\t\t\t\t\t<\/p>\n\n\n\n<hr class=\"wp-block-separator has-text-color has-contrast-color has-alpha-channel-opacity has-contrast-background-color has-background is-style-wide\"\/>\n\n\n\n<p class=\"has-text-align-center has-contrast-2-color has-text-color has-link-color wp-elements-11dbe9697597ddf44b6036669d592245\">\n\t\t\t\t\t\t<s>Exclusive access to the <em>\u00c9tudes<\/em> app for iOS and Android.<\/s>\n\t\t\t\t\t<\/p>\n<\/div>\n\n\n\n<div style=\"height:var(--wp--preset--spacing--10)\" aria-hidden=\"true\" class=\"wp-block-spacer\"><\/div>\n\n\n\n<div class=\"wp-block-buttons is-content-justification-center is-layout-flex wp-container-core-buttons-is-layout-a89b3969 wp-block-buttons-is-layout-flex\">\n<div class=\"wp-block-button has-custom-width wp-block-button__width-100 is-style-outline is-style-outline--1\"><a class=\"wp-block-button__link wp-element-button\">Subscribe<\/a><\/div>\n<\/div>\n<\/div>\n\n\n\n<div class=\"wp-block-column is-layout-flow wp-block-column-is-layout-flow\" style=\"border-top-color:var(--wp--preset--color--contrast);border-top-width:2px;padding-top:var(--wp--preset--spacing--30);padding-right:var(--wp--preset--spacing--70);padding-bottom:var(--wp--preset--spacing--10);padding-left:var(--wp--preset--spacing--70)\">\n<h4 class=\"wp-block-heading has-text-align-center\">\n\t\t\t\t\t<em>Connoisseur<\/em>\n\t\t\t\t<\/h4>\n\n\n\n<h5 class=\"wp-block-heading has-text-align-center has-x-large-font-size\">$12<\/h5>\n\n\n\n<div style=\"height:var(--wp--preset--spacing--10)\" aria-hidden=\"true\" class=\"wp-block-spacer\"><\/div>\n\n\n\n<div class=\"wp-block-group is-vertical is-content-justification-stretch is-layout-flex wp-container-core-group-is-layout-353c4f5a wp-block-group-is-layout-flex\">\n<p class=\"has-text-align-center\">Access to 20 exclusive <em>\u00c9tudes Articles<\/em> per month.<\/p>\n\n\n\n<hr class=\"wp-block-separator has-text-color has-contrast-color has-alpha-channel-opacity has-contrast-background-color has-background is-style-wide\"\/>\n\n\n\n<p class=\"has-text-align-center\">Weekly print edition.<\/p>\n\n\n\n<hr class=\"wp-block-separator has-text-color has-contrast-color has-alpha-channel-opacity has-contrast-background-color has-background is-style-wide\"\/>\n\n\n\n<p class=\"has-text-align-center\">Exclusive access to the <em>\u00c9tudes<\/em> app for iOS and Android.<\/p>\n<\/div>\n\n\n\n<div style=\"height:var(--wp--preset--spacing--10)\" aria-hidden=\"true\" class=\"wp-block-spacer\"><\/div>\n\n\n\n<div class=\"wp-block-buttons is-content-justification-center is-layout-flex wp-container-core-buttons-is-layout-a89b3969 wp-block-buttons-is-layout-flex\">\n<div class=\"wp-block-button has-custom-width wp-block-button__width-100 is-style-fill\"><a class=\"wp-block-button__link wp-element-button\">Subscribe<\/a><\/div>\n<\/div>\n<\/div>\n\n\n\n<div class=\"wp-block-column is-layout-flow wp-block-column-is-layout-flow\" style=\"border-top-color:var(--wp--preset--color--contrast-3);border-top-width:1px;padding-top:var(--wp--preset--spacing--30);padding-right:var(--wp--preset--spacing--70);padding-bottom:var(--wp--preset--spacing--10);padding-left:var(--wp--preset--spacing--70)\">\n<h4 class=\"wp-block-heading has-text-align-center has-medium-font-size\" style=\"padding-top:1px\">\n\t\t\t\t\t<em>Expert<\/em>\n\t\t\t\t<\/h4>\n\n\n\n<h5 class=\"wp-block-heading has-text-align-center has-x-large-font-size\">$28<\/h5>\n\n\n\n<div style=\"height:var(--wp--preset--spacing--10)\" aria-hidden=\"true\" class=\"wp-block-spacer\"><\/div>\n\n\n\n<div class=\"wp-block-group is-vertical is-content-justification-stretch is-layout-flex wp-container-core-group-is-layout-353c4f5a wp-block-group-is-layout-flex\">\n<p class=\"has-text-align-center\">Exclusive, unlimited access to <em>\u00c9tudes Articles<\/em>.<\/p>\n\n\n\n<hr class=\"wp-block-separator has-text-color has-contrast-color has-alpha-channel-opacity has-contrast-background-color has-background is-style-wide\"\/>\n\n\n\n<p class=\"has-text-align-center\">Weekly print edition.<\/p>\n\n\n\n<hr class=\"wp-block-separator has-text-color has-contrast-color has-alpha-channel-opacity has-contrast-background-color has-background is-style-wide\"\/>\n\n\n\n<p class=\"has-text-align-center\">Exclusive access to the <em>\u00c9tudes<\/em> app for iOS and Android<\/p>\n<\/div>\n\n\n\n<div style=\"height:var(--wp--preset--spacing--10)\" aria-hidden=\"true\" class=\"wp-block-spacer\"><\/div>\n\n\n\n<div class=\"wp-block-buttons is-content-justification-center is-layout-flex wp-container-core-buttons-is-layout-a89b3969 wp-block-buttons-is-layout-flex\">\n<div class=\"wp-block-button has-custom-width wp-block-button__width-100 is-style-outline is-style-outline--2\"><a class=\"wp-block-button__link wp-element-button\">Subscribe<\/a><\/div>\n<\/div>\n<\/div>\n<\/div>\n<\/div>\n<\/div>\n\n\n\n<div class=\"wp-block-group has-global-padding is-layout-constrained wp-block-group-is-layout-constrained\">\n<h2 class=\"wp-block-heading has-text-align-center\" style=\"font-size:clamp(24.034px, 1.502rem + ((1vw - 3.2px) * 1.629), 40px);\">OUR SPONSORS<\/h2>\n\n\n\n<div class=\"wp-block-group is-content-justification-space-between is-nowrap is-layout-flex wp-container-core-group-is-layout-cb46ffcb wp-block-group-is-layout-flex\">\n<figure class=\"wp-block-image size-full\"><img loading=\"lazy\" decoding=\"async\" width=\"1024\" height=\"1024\" src=\"http:\/\/demos.eaglevisionit.com\/woo-booster-pro\/wp-content\/uploads\/sites\/35\/2023\/12\/preview-2-1024x1024-1.jpg\" alt=\"\" class=\"wp-image-684\" srcset=\"https:\/\/demos.eaglevisionit.com\/woo-booster-pro\/wp-content\/uploads\/sites\/35\/2023\/12\/preview-2-1024x1024-1.jpg 1024w, https:\/\/demos.eaglevisionit.com\/woo-booster-pro\/wp-content\/uploads\/sites\/35\/2023\/12\/preview-2-1024x1024-1-300x300.jpg 300w, https:\/\/demos.eaglevisionit.com\/woo-booster-pro\/wp-content\/uploads\/sites\/35\/2023\/12\/preview-2-1024x1024-1-150x150.jpg 150w, https:\/\/demos.eaglevisionit.com\/woo-booster-pro\/wp-content\/uploads\/sites\/35\/2023\/12\/preview-2-1024x1024-1-768x768.jpg 768w, https:\/\/demos.eaglevisionit.com\/woo-booster-pro\/wp-content\/uploads\/sites\/35\/2023\/12\/preview-2-1024x1024-1-100x100.jpg 100w, https:\/\/demos.eaglevisionit.com\/woo-booster-pro\/wp-content\/uploads\/sites\/35\/2023\/12\/preview-2-1024x1024-1-600x600.jpg 600w\" sizes=\"auto, (max-width: 1024px) 100vw, 1024px\" \/><\/figure>\n\n\n\n<figure class=\"wp-block-image size-full\"><img loading=\"lazy\" decoding=\"async\" width=\"1024\" height=\"1024\" src=\"http:\/\/demos.eaglevisionit.com\/woo-booster-pro\/wp-content\/uploads\/sites\/35\/2023\/12\/7459344-1024x1024-1.jpg\" alt=\"\" class=\"wp-image-683\" srcset=\"https:\/\/demos.eaglevisionit.com\/woo-booster-pro\/wp-content\/uploads\/sites\/35\/2023\/12\/7459344-1024x1024-1.jpg 1024w, https:\/\/demos.eaglevisionit.com\/woo-booster-pro\/wp-content\/uploads\/sites\/35\/2023\/12\/7459344-1024x1024-1-300x300.jpg 300w, https:\/\/demos.eaglevisionit.com\/woo-booster-pro\/wp-content\/uploads\/sites\/35\/2023\/12\/7459344-1024x1024-1-150x150.jpg 150w, https:\/\/demos.eaglevisionit.com\/woo-booster-pro\/wp-content\/uploads\/sites\/35\/2023\/12\/7459344-1024x1024-1-768x768.jpg 768w, https:\/\/demos.eaglevisionit.com\/woo-booster-pro\/wp-content\/uploads\/sites\/35\/2023\/12\/7459344-1024x1024-1-100x100.jpg 100w, https:\/\/demos.eaglevisionit.com\/woo-booster-pro\/wp-content\/uploads\/sites\/35\/2023\/12\/7459344-1024x1024-1-600x600.jpg 600w\" sizes=\"auto, (max-width: 1024px) 100vw, 1024px\" \/><\/figure>\n\n\n\n<figure class=\"wp-block-image size-full\"><img loading=\"lazy\" decoding=\"async\" width=\"1024\" height=\"1024\" src=\"http:\/\/demos.eaglevisionit.com\/woo-booster-pro\/wp-content\/uploads\/sites\/35\/2023\/12\/preview-3-1024x1024-1.jpg\" alt=\"\" class=\"wp-image-682\" srcset=\"https:\/\/demos.eaglevisionit.com\/woo-booster-pro\/wp-content\/uploads\/sites\/35\/2023\/12\/preview-3-1024x1024-1.jpg 1024w, https:\/\/demos.eaglevisionit.com\/woo-booster-pro\/wp-content\/uploads\/sites\/35\/2023\/12\/preview-3-1024x1024-1-300x300.jpg 300w, https:\/\/demos.eaglevisionit.com\/woo-booster-pro\/wp-content\/uploads\/sites\/35\/2023\/12\/preview-3-1024x1024-1-150x150.jpg 150w, https:\/\/demos.eaglevisionit.com\/woo-booster-pro\/wp-content\/uploads\/sites\/35\/2023\/12\/preview-3-1024x1024-1-768x768.jpg 768w, https:\/\/demos.eaglevisionit.com\/woo-booster-pro\/wp-content\/uploads\/sites\/35\/2023\/12\/preview-3-1024x1024-1-100x100.jpg 100w, https:\/\/demos.eaglevisionit.com\/woo-booster-pro\/wp-content\/uploads\/sites\/35\/2023\/12\/preview-3-1024x1024-1-600x600.jpg 600w\" sizes=\"auto, (max-width: 1024px) 100vw, 1024px\" \/><\/figure>\n\n\n\n<figure class=\"wp-block-image size-full\"><img loading=\"lazy\" decoding=\"async\" width=\"1024\" height=\"1024\" src=\"http:\/\/demos.eaglevisionit.com\/woo-booster-pro\/wp-content\/uploads\/sites\/35\/2023\/12\/preview-2-1024x1024-1.jpg\" alt=\"\" class=\"wp-image-684\" srcset=\"https:\/\/demos.eaglevisionit.com\/woo-booster-pro\/wp-content\/uploads\/sites\/35\/2023\/12\/preview-2-1024x1024-1.jpg 1024w, https:\/\/demos.eaglevisionit.com\/woo-booster-pro\/wp-content\/uploads\/sites\/35\/2023\/12\/preview-2-1024x1024-1-300x300.jpg 300w, https:\/\/demos.eaglevisionit.com\/woo-booster-pro\/wp-content\/uploads\/sites\/35\/2023\/12\/preview-2-1024x1024-1-150x150.jpg 150w, https:\/\/demos.eaglevisionit.com\/woo-booster-pro\/wp-content\/uploads\/sites\/35\/2023\/12\/preview-2-1024x1024-1-768x768.jpg 768w, https:\/\/demos.eaglevisionit.com\/woo-booster-pro\/wp-content\/uploads\/sites\/35\/2023\/12\/preview-2-1024x1024-1-100x100.jpg 100w, https:\/\/demos.eaglevisionit.com\/woo-booster-pro\/wp-content\/uploads\/sites\/35\/2023\/12\/preview-2-1024x1024-1-600x600.jpg 600w\" sizes=\"auto, (max-width: 1024px) 100vw, 1024px\" \/><\/figure>\n\n\n\n<figure class=\"wp-block-image size-full\"><img loading=\"lazy\" decoding=\"async\" width=\"1024\" height=\"1024\" src=\"http:\/\/demos.eaglevisionit.com\/woo-booster-pro\/wp-content\/uploads\/sites\/35\/2023\/12\/7459344-1024x1024-1.jpg\" alt=\"\" class=\"wp-image-683\" srcset=\"https:\/\/demos.eaglevisionit.com\/woo-booster-pro\/wp-content\/uploads\/sites\/35\/2023\/12\/7459344-1024x1024-1.jpg 1024w, https:\/\/demos.eaglevisionit.com\/woo-booster-pro\/wp-content\/uploads\/sites\/35\/2023\/12\/7459344-1024x1024-1-300x300.jpg 300w, https:\/\/demos.eaglevisionit.com\/woo-booster-pro\/wp-content\/uploads\/sites\/35\/2023\/12\/7459344-1024x1024-1-150x150.jpg 150w, https:\/\/demos.eaglevisionit.com\/woo-booster-pro\/wp-content\/uploads\/sites\/35\/2023\/12\/7459344-1024x1024-1-768x768.jpg 768w, https:\/\/demos.eaglevisionit.com\/woo-booster-pro\/wp-content\/uploads\/sites\/35\/2023\/12\/7459344-1024x1024-1-100x100.jpg 100w, https:\/\/demos.eaglevisionit.com\/woo-booster-pro\/wp-content\/uploads\/sites\/35\/2023\/12\/7459344-1024x1024-1-600x600.jpg 600w\" sizes=\"auto, (max-width: 1024px) 100vw, 1024px\" \/><\/figure>\n<\/div>\n<\/div>\n\n\n\n<div style=\"height:var(--wp--preset--spacing--30)\" aria-hidden=\"true\" class=\"wp-block-spacer\"><\/div>\n\n\n\n<div class=\"wp-block-group has-global-padding is-layout-constrained wp-block-group-is-layout-constrained\">\n<h2 class=\"wp-block-heading has-text-align-center\" style=\"font-size:clamp(24.034px, 1.502rem + ((1vw - 3.2px) * 1.629), 40px);\">FAQ&#8217;s<\/h2>\n\n\n\n<div style=\"height:var(--wp--preset--spacing--30)\" aria-hidden=\"true\" class=\"wp-block-spacer\"><\/div>\n\n\n\n<div id=\"rise-blocks-accordion-block-instance-0-a7264fc2-5c7e-4dce-80a5-89d2a4e7a97c\">\n<div id=\"rise-blocks-accordion-item-block-instance-0-fbead80c-ab3d-4f71-a773-e759ea1a110d\" itemscope itemprop=\"mainEntity\" itemtype=\"http:\/\/schema.org\/Question\"><div class=\"rise-blocks-accordion-item\"><div class=\"rise-blocks-accordion-item-header\"><h3 itemprop=\"name\"><a href=\"#\">What is your shipping policy ?<\/a><\/h3><\/div><div class=\"rise-blocks-accordion-content-wrapper\" itemprop=\"acceptedAnswer\" itemscope itemtype=\"http:\/\/schema.org\/Answer\"><div class=\"rise-blocks-accordion-content\" itemprop=\"text\">\n<p>We offer free shipping on orders over $500. For smaller items, shipping fees may apply. Please refer to our shipping page for detailed information.<\/p>\n<\/div><\/div><\/div><\/div>\n\n\n\n<div id=\"rise-blocks-accordion-item-block-instance-1-cc5d4c18-c743-4af1-b5b1-bb30a4f102c3\" itemscope itemprop=\"mainEntity\" itemtype=\"http:\/\/schema.org\/Question\"><div class=\"rise-blocks-accordion-item\"><div class=\"rise-blocks-accordion-item-header\"><h3 itemprop=\"name\"><a href=\"#\">What is your return policy ?<\/a><\/h3><\/div><div class=\"rise-blocks-accordion-content-wrapper\" itemprop=\"acceptedAnswer\" itemscope itemtype=\"http:\/\/schema.org\/Answer\"><div class=\"rise-blocks-accordion-content\" itemprop=\"text\">\n<p>We have a 30-day return policy for unused items in their original packaging. Please review our Returns &amp; Exchanges page for detailed information on the process.<\/p>\n<\/div><\/div><\/div><\/div>\n\n\n\n<div id=\"rise-blocks-accordion-item-block-instance-2-a05ec841-9419-40d8-88f7-a2a3261d170d\" itemscope itemprop=\"mainEntity\" itemtype=\"http:\/\/schema.org\/Question\"><div class=\"rise-blocks-accordion-item\"><div class=\"rise-blocks-accordion-item-header\"><h3 itemprop=\"name\"><a href=\"#\">What services do we offer?<\/a><\/h3><\/div><div class=\"rise-blocks-accordion-content-wrapper\" itemprop=\"acceptedAnswer\" itemscope itemtype=\"http:\/\/schema.org\/Answer\"><div class=\"rise-blocks-accordion-content\" itemprop=\"text\">\n<p>Discover the range and details of the services we provide to meet your needs effectively. Find answers to questions about our offerings, ensuring you make informed decisions.<\/p>\n<\/div><\/div><\/div><\/div>\n\n\n\n<div id=\"rise-blocks-accordion-item-block-instance-3-cdbc5385-4388-466f-a2a4-c97f80f76af4\" itemscope itemprop=\"mainEntity\" itemtype=\"http:\/\/schema.org\/Question\"><div class=\"rise-blocks-accordion-item\"><div class=\"rise-blocks-accordion-item-header\"><h3 itemprop=\"name\"><a href=\"#\">How can our policies benefit you ?<\/a><\/h3><\/div><div class=\"rise-blocks-accordion-content-wrapper\" itemprop=\"acceptedAnswer\" itemscope itemtype=\"http:\/\/schema.org\/Answer\"><div class=\"rise-blocks-accordion-content\" itemprop=\"text\">\n<p>Explore the advantages of our policies and how they can positively impact your experience. Get insights into frequently asked questions about our terms and conditions for a smoother interaction.<\/p>\n<\/div><\/div><\/div><\/div>\n<\/div>\n<\/div>\n","protected":false},"excerpt":{"rendered":"<p>PRICING We offer flexible options, which you can adapt to the different needs of each project. Free $0 Access to [&hellip;]<\/p>\n","protected":false},"author":1,"featured_media":0,"parent":0,"menu_order":0,"comment_status":"closed","ping_status":"closed","template":"no-title","meta":{"footnotes":""},"class_list":["post-651","page","type-page","status-publish","hentry","wc-booster-custom-qty-button"],"rise-blocks_excerpt":"PRICING We offer flexible options, which you can adapt to the different needs of each project. Free $0 Access to 5 exclusive \u00c9tudes Articles per month. Weekly print edition. Exclusive access to the \u00c9tudes app for iOS and Android. Connoisseur $12 Access to 20 exclusive \u00c9tudes Articles per month. Weekly print edition. Exclusive access to the \u00c9tudes app for iOS..","_links":{"self":[{"href":"https:\/\/demos.eaglevisionit.com\/woo-booster-pro\/wp-json\/wp\/v2\/pages\/651","targetHints":{"allow":["GET"]}}],"collection":[{"href":"https:\/\/demos.eaglevisionit.com\/woo-booster-pro\/wp-json\/wp\/v2\/pages"}],"about":[{"href":"https:\/\/demos.eaglevisionit.com\/woo-booster-pro\/wp-json\/wp\/v2\/types\/page"}],"author":[{"embeddable":true,"href":"https:\/\/demos.eaglevisionit.com\/woo-booster-pro\/wp-json\/wp\/v2\/users\/1"}],"replies":[{"embeddable":true,"href":"https:\/\/demos.eaglevisionit.com\/woo-booster-pro\/wp-json\/wp\/v2\/comments?post=651"}],"version-history":[{"count":63,"href":"https:\/\/demos.eaglevisionit.com\/woo-booster-pro\/wp-json\/wp\/v2\/pages\/651\/revisions"}],"predecessor-version":[{"id":762,"href":"https:\/\/demos.eaglevisionit.com\/woo-booster-pro\/wp-json\/wp\/v2\/pages\/651\/revisions\/762"}],"wp:attachment":[{"href":"https:\/\/demos.eaglevisionit.com\/woo-booster-pro\/wp-json\/wp\/v2\/media?parent=651"}],"curies":[{"name":"wp","href":"https:\/\/api.w.org\/{rel}","templated":true}]}}