{"id":812,"date":"2022-04-04T12:07:35","date_gmt":"2022-04-04T12:07:35","guid":{"rendered":"https:\/\/visionwp.eaglevisionit.com\/vision\/?page_id=812"},"modified":"2022-04-04T12:07:35","modified_gmt":"2022-04-04T12:07:35","slug":"services","status":"publish","type":"page","link":"https:\/\/demos.eaglevisionit.com\/visionwp\/services\/","title":{"rendered":"Services"},"content":{"rendered":"\n<div id=\"rise-blocks-section-block-instance-0-6c105e1-0ad-0df5-e2ba-5ce0e5f5a228\" class=\"wp-block-rise-blocks-section\"><div class=\"rise-blocks-full-width rise-blocks-section-wrapper\"><div class=\"rise-blocks-section-inner\">\n<div id=\"rise-blocks-section-block-instance-1-ea5b18-5aa-854a-c52b-f8e81e2758d\" class=\"wp-block-rise-blocks-section main-banner\"><div class=\"rise-blocks-boxed rise-blocks-section-wrapper\"><div class=\"rise-blocks-section-overlay\"><\/div><div class=\"rise-blocks-section-inner\">\n<div class=\"wp-block-columns align-center is-layout-flex wp-container-core-columns-is-layout-9d6595d7 wp-block-columns-is-layout-flex\">\n<div class=\"wp-block-column is-layout-flow wp-block-column-is-layout-flow\" style=\"flex-basis:50%\">\n<section id=\"rise-blocks-heading-block-instance-0-d3812f3-4272-14f-5e1f-47b1f3531bb\"><div class=\"rise-blocks-heading-section wp-block-rise-blocks-heading left\"><h1 class=\"rise-blocks-title\">Most trending business<\/h1><div class=\"rise-blocks-sub-description\">Njut av Stockholm fr\u00e5n vattnet med god mat, dryck och musik n\u00e4r du kryssar runt<br><br>En of\u00f6rgl\u00f6mlig upplevelse och ett unikt minne med v\u00e4nner, kollegor eller aff\u00e4rspartners p\u00e5 v\u00e5ra fantastiska b\u00e5tar som har alla faciliteter du beh\u00f6ver.<\/div><\/div><\/section>\n\n\n\n<div id=\"rise-blocks-wp-block-rise-blocks-buttons-0-3a8c65-0e10-4bda-0b2-f482683df6\" class=\"wp-block-rise-blocks-buttons\">\n<a id=\"rise-blocks-wp-block-rise-blocks-button-0-6508fc2-f1a4-d83e-d612-7cf45f88ba5f\" class=\"wp-block-rise-blocks-button rise-blocks-icon-left\" rel=\"noopener noreferrer\" href=\"https:\/\/visionwp.eaglevisionit.com\/strands-rederi\/vara-batar\/\" target=\"\"><span class=\"rise-blocks-advanced-button-text\">See our plan<\/span><\/a>\n<\/div>\n<\/div>\n\n\n\n<div class=\"wp-block-column is-layout-flow wp-block-column-is-layout-flow\" style=\"flex-basis:50%\">\n<div id=\"rise-blocks-section-block-instance-2-f1b5eae-2103-1fd-c001-be08b70da1eb\" class=\"wp-block-rise-blocks-section hide-on-mobile\"><div class=\"rise-blocks-boxed rise-blocks-section-wrapper\"><div class=\"rise-blocks-section-inner\">\n<section id=\"rise-blocks-heading-block-instance-1-b0e1bf3-badc-676-f752-ff6a03e6ab3\"><div class=\"rise-blocks-heading-section wp-block-rise-blocks-heading center\"><h2 class=\"rise-blocks-title\">Have any questions <\/h2><div class=\"rise-blocks-sub-description\">Cras ultricies ligula sed magna dictum porta. <\/div><\/div><\/section>\n\n\n\n<div class=\"wpcf7 no-js\" id=\"wpcf7-f992-o1\" lang=\"en-US\" dir=\"ltr\" data-wpcf7-id=\"992\">\n<div class=\"screen-reader-response\"><p role=\"status\" aria-live=\"polite\" aria-atomic=\"true\"><\/p> <ul><\/ul><\/div>\n<form action=\"\/visionwp\/wp-json\/wp\/v2\/pages\/812#wpcf7-f992-o1\" method=\"post\" class=\"wpcf7-form init\" aria-label=\"Contact form\" novalidate=\"novalidate\" data-status=\"init\">\n<fieldset class=\"hidden-fields-container\"><input type=\"hidden\" name=\"_wpcf7\" value=\"992\" \/><input type=\"hidden\" name=\"_wpcf7_version\" value=\"6.1.5\" \/><input type=\"hidden\" name=\"_wpcf7_locale\" value=\"en_US\" \/><input type=\"hidden\" name=\"_wpcf7_unit_tag\" value=\"wpcf7-f992-o1\" \/><input type=\"hidden\" name=\"_wpcf7_container_post\" value=\"0\" \/><input type=\"hidden\" name=\"_wpcf7_posted_data_hash\" value=\"\" \/>\n<\/fieldset>\n<div id=\"booking-form\">\n\t<p><span class=\"wpcf7-form-control-wrap\" data-name=\"your-email\"><input size=\"40\" maxlength=\"400\" class=\"wpcf7-form-control wpcf7-email wpcf7-validates-as-required wpcf7-text wpcf7-validates-as-email\" aria-required=\"true\" aria-invalid=\"false\" placeholder=\"From email\" value=\"\" type=\"email\" name=\"your-email\" \/><\/span><span class=\"wpcf7-form-control-wrap\" data-name=\"tel-909\"><input size=\"40\" maxlength=\"400\" class=\"wpcf7-form-control wpcf7-tel wpcf7-validates-as-required wpcf7-text wpcf7-validates-as-tel\" aria-required=\"true\" aria-invalid=\"false\" placeholder=\"Your phone number\" value=\"\" type=\"tel\" name=\"tel-909\" \/><\/span><span class=\"wpcf7-form-control-wrap\" data-name=\"your-message\"><textarea cols=\"40\" rows=\"10\" maxlength=\"2000\" class=\"wpcf7-form-control wpcf7-textarea\" aria-invalid=\"false\" placeholder=\"Tell us about your request\u2026\" name=\"your-message\"><\/textarea><\/span>\n\t<\/p>\n\t<div class=\"form-footer\">\n\t\t<div>\n\t\t\t<p><span class=\"wpcf7-form-control-wrap\" data-name=\"checkbox-528\"><span class=\"wpcf7-form-control wpcf7-checkbox wpcf7-validates-as-required\"><span class=\"wpcf7-list-item first last\"><label><input type=\"checkbox\" name=\"checkbox-528[]\" value=\"Accept our\" \/><span class=\"wpcf7-list-item-label\">Accept our<\/span><\/label><\/span><\/span><\/span><a href=\"#\">privacy policy<\/a>\n\t\t\t<\/p>\n\t\t<\/div>\n\t\t<p><input class=\"wpcf7-form-control wpcf7-submit has-spinner\" type=\"submit\" value=\"Send message\" \/>\n\t\t<\/p>\n\t<\/div>\n<\/div><div class=\"wpcf7-response-output\" aria-hidden=\"true\"><\/div>\n<\/form>\n<\/div>\n\n<\/div><\/div><\/div>\n<\/div>\n<\/div>\n<\/div><\/div><\/div>\n\n\n\n<div id=\"rise-blocks-section-block-instance-3-a4e13a4-0aba-c046-f4d7-31ff4aa1ec21\" class=\"wp-block-rise-blocks-section arrow-right\"><div class=\"rise-blocks-boxed rise-blocks-section-wrapper\"><div class=\"rise-blocks-section-inner\">\n<section id=\"rise-blocks-heading-block-instance-2-811fba3-c2f-3723-f81-2bbf2763b6\"><div class=\"rise-blocks-heading-section wp-block-rise-blocks-heading center\"><h2 class=\"rise-blocks-title\">Take a look our unmatched <br>consulting approach<\/h2><\/div><\/section>\n\n\n\n<div id=\"rise-blocks-0-3d3ac8-ab-e85f-0bfc-74a468a410a5\" class=\"horizontal-scroll-mobile\"><div class=\"wp-block-rise-blocks-icon-boxes rise-blocks-save rise-blocks-center-layout\"><div class=\"rise-blocks-block-lists\">\n<div id=\"rise-blocks-wp-block-rise-blocks-icon-box-0-ead2ece-cb4e-1e5a-41e6-311002246af1\"><div class=\"rise-blocks-icon-box rise-blocks-center\"><div class=\"rise-blocks-icon-wrapper\"><img decoding=\"async\" src=\"http:\/\/demos.eaglevisionit.com\/visionwp\/wp-content\/uploads\/sites\/6\/2022\/04\/icon-1.png\" alt=\"\" \/><\/div><div class=\"rise-blocks-content\"><h2 class=\"rise-blocks-title\">Business Process<\/h2><p class=\"rise-blocks-description\">Vivamus magna justo, lacinia eget consectetur sed, convallis at tellus. Praesent sapien massa.<\/p><\/div><div class=\"rise-blocks-icon-box-inner\"><\/div><\/div><\/div>\n\n\n\n<div id=\"rise-blocks-wp-block-rise-blocks-icon-box-1-4663cea-0d83-4f08-1c3d-305fcc5d74\"><div class=\"rise-blocks-icon-box rise-blocks-center\"><div class=\"rise-blocks-icon-wrapper\"><img decoding=\"async\" src=\"http:\/\/demos.eaglevisionit.com\/visionwp\/wp-content\/uploads\/sites\/6\/2022\/04\/icon-7.png\" alt=\"\" \/><\/div><div class=\"rise-blocks-content\"><h2 class=\"rise-blocks-title\">Strategy Innovision<\/h2><p class=\"rise-blocks-description\">Vivamus magna justo, lacinia eget consectetur sed, convallis at tellus. Praesent sapien massa.<\/p><\/div><div class=\"rise-blocks-icon-box-inner\"><\/div><\/div><\/div>\n\n\n\n<div id=\"rise-blocks-wp-block-rise-blocks-icon-box-2-bd00f15-58dd-1050-2ee0-6e34a8d641f2\"><div class=\"rise-blocks-icon-box rise-blocks-center\"><div class=\"rise-blocks-icon-wrapper\"><img decoding=\"async\" src=\"http:\/\/demos.eaglevisionit.com\/visionwp\/wp-content\/uploads\/sites\/6\/2022\/04\/icon-5.png\" alt=\"\" \/><\/div><div class=\"rise-blocks-content\"><h2 class=\"rise-blocks-title\">Sales &amp; Marketing<\/h2><p class=\"rise-blocks-description\">Vivamus magna justo, lacinia eget consectetur sed, convallis at tellus. Praesent sapien massa.<\/p><\/div><div class=\"rise-blocks-icon-box-inner\"><\/div><\/div><\/div>\n\n\n\n<div id=\"rise-blocks-wp-block-rise-blocks-icon-box-3-aa68d1d-b867-dce8-07e-411e5762bb6a\"><div class=\"rise-blocks-icon-box rise-blocks-center\"><div class=\"rise-blocks-icon-wrapper\"><img decoding=\"async\" src=\"http:\/\/demos.eaglevisionit.com\/visionwp\/wp-content\/uploads\/sites\/6\/2022\/04\/icon-8.png\" alt=\"\" \/><\/div><div class=\"rise-blocks-content\"><h2 class=\"rise-blocks-title\">Supply Chain<\/h2><p class=\"rise-blocks-description\">Vivamus magna justo, lacinia eget consectetur sed, convallis at tellus. Praesent sapien massa.<\/p><\/div><div class=\"rise-blocks-icon-box-inner\"><\/div><\/div><\/div>\n\n\n\n<div id=\"rise-blocks-wp-block-rise-blocks-icon-box-4-eaacbb0-ee8a-30ec-14cb-eab6bf1c738\"><div class=\"rise-blocks-icon-box rise-blocks-center\"><div class=\"rise-blocks-icon-wrapper\"><img decoding=\"async\" src=\"http:\/\/demos.eaglevisionit.com\/visionwp\/wp-content\/uploads\/sites\/6\/2022\/04\/icon-2.png\" alt=\"\" \/><\/div><div class=\"rise-blocks-content\"><h2 class=\"rise-blocks-title\">Digital Strategy<\/h2><p class=\"rise-blocks-description\">Vivamus magna justo, lacinia eget consectetur sed, convallis at tellus. Praesent sapien massa.<\/p><\/div><div class=\"rise-blocks-icon-box-inner\"><\/div><\/div><\/div>\n<\/div><\/div><\/div>\n<\/div><\/div><\/div>\n\n\n\n<div id=\"rise-blocks-section-block-instance-4-765dc-add7-7ea-e870-57d1356ccc\" class=\"wp-block-rise-blocks-section\"><div class=\"rise-blocks-full-width rise-blocks-section-wrapper\"><div class=\"rise-blocks-section-overlay\"><\/div><div class=\"rise-blocks-section-inner\">\n<div id=\"rise-blocks-section-block-instance-5-8d6e5b0-adcb-7f70-8f47-3c5802fcfafc\" class=\"wp-block-rise-blocks-section\"><div class=\"rise-blocks-full-width rise-blocks-section-wrapper\"><div class=\"rise-blocks-section-inner\">\n<div class=\"wp-block-columns service-descriptions is-layout-flex wp-container-core-columns-is-layout-9d6595d7 wp-block-columns-is-layout-flex\">\n<div class=\"wp-block-column is-layout-flow wp-block-column-is-layout-flow\" style=\"flex-basis:55%\">\n<figure class=\"wp-block-image size-full\"><img loading=\"lazy\" decoding=\"async\" width=\"960\" height=\"930\" src=\"http:\/\/demos.eaglevisionit.com\/visionwp\/wp-content\/uploads\/sites\/6\/2022\/04\/image-11-1.jpeg\" alt=\"\" class=\"wp-image-904\" srcset=\"https:\/\/demos.eaglevisionit.com\/visionwp\/wp-content\/uploads\/sites\/6\/2022\/04\/image-11-1.jpeg 960w, https:\/\/demos.eaglevisionit.com\/visionwp\/wp-content\/uploads\/sites\/6\/2022\/04\/image-11-1-300x291.jpeg 300w, https:\/\/demos.eaglevisionit.com\/visionwp\/wp-content\/uploads\/sites\/6\/2022\/04\/image-11-1-768x744.jpeg 768w\" sizes=\"auto, (max-width: 960px) 100vw, 960px\" \/><\/figure>\n<\/div>\n\n\n\n<div class=\"wp-block-column is-layout-flow wp-block-column-is-layout-flow\" style=\"flex-basis:45%\">\n<section id=\"rise-blocks-heading-block-instance-3-71e5f8d-4a47-7a5a-ccc5-67811877c6e\"><div class=\"rise-blocks-heading-section wp-block-rise-blocks-heading left\"><h2 class=\"rise-blocks-title\">Management consulting <br>and strategy consulting<\/h2><div class=\"rise-blocks-sub-description\">Sed ut perspiciatis unde omnis iste natus error sit voluptem accusantium doloremu laudantium totam rem aperiam eaque upsa quae abillo inventore veritatis architecto<br><br>Donec sollicitudin molestie malesuada. Vivamus magna justo, lacinia eget consectetur sed, convallis at tellus. <br>Curabitur non nulla sit amet nisl tempus convallis quis ac lectus.<\/div><\/div><\/section>\n\n\n\n<div id=\"rise-blocks-wp-block-rise-blocks-buttons-1-3cf1254-7e4-3536-cb13-80787b271470\" class=\"wp-block-rise-blocks-buttons\">\n<a id=\"rise-blocks-wp-block-rise-blocks-button-1-5c12a64-0a02-3cc-b3e3-03dcb81668\" class=\"wp-block-rise-blocks-button rise-blocks-icon-left\" rel=\"noopener noreferrer\" href=\"#\" target=\"\"><span class=\"rise-blocks-advanced-button-text\">Booking request<\/span><\/a>\n\n\n\n<a id=\"rise-blocks-wp-block-rise-blocks-button-2-53bb38a-4a6-c17c-262b-3aca8cba1280\" class=\"wp-block-rise-blocks-button rise-blocks-icon-left\" rel=\"noopener noreferrer\" href=\"https:\/\/visionwp.eaglevisionit.com\/strands-rederi\/vara-batar\/\" target=\"\"><span class=\"rise-blocks-advanced-button-text\">See our plan<\/span><\/a>\n<\/div>\n<\/div>\n<\/div>\n\n\n\n<div class=\"wp-block-columns service-descriptions-left-text swap-col-mobile is-layout-flex wp-container-core-columns-is-layout-9d6595d7 wp-block-columns-is-layout-flex\">\n<div class=\"wp-block-column is-layout-flow wp-block-column-is-layout-flow\" style=\"flex-basis:45%\">\n<section id=\"rise-blocks-heading-block-instance-4-41b7c3-df2-dbcd-0a17-0a68c35183ab\"><div class=\"rise-blocks-heading-section wp-block-rise-blocks-heading left\"><h2 class=\"rise-blocks-title\">Business &amp; consulting<\/h2><div class=\"rise-blocks-sub-description\">At vero eos et accusamus et iusto odio dignissimos ducimus qui blanditiis praesentium voluptatum deleniti atque corrupti quos dolores et quas molestias excepturi sint occaecati cupiditate non provident-.<br><br>Similique sunt in culpa qui officia deserunt mollitia animi, id est laborum et dolorum fuga.<br>Itaque earum rerum hic tenetur a sapiente delectus, ut aut reiciendis voluptatibus.<\/div><\/div><\/section>\n\n\n\n<div id=\"rise-blocks-wp-block-rise-blocks-buttons-2-236e7d0-48b4-13a2-6455-73dfd6eff16\" class=\"wp-block-rise-blocks-buttons\">\n<a id=\"rise-blocks-wp-block-rise-blocks-button-3-ce1ac2-1783-87d3-cf-8b5d7713fbe\" class=\"wp-block-rise-blocks-button rise-blocks-icon-left\" rel=\"noopener noreferrer\" href=\"#\" target=\"\"><span class=\"rise-blocks-advanced-button-text\">Booking request<\/span><\/a>\n\n\n\n<a id=\"rise-blocks-wp-block-rise-blocks-button-4-2161f1-411e-04f-4e23-a802a5765c1\" class=\"wp-block-rise-blocks-button rise-blocks-icon-left\" rel=\"noopener noreferrer\" href=\"https:\/\/visionwp.eaglevisionit.com\/strands-rederi\/vara-batar\/\" target=\"\"><span class=\"rise-blocks-advanced-button-text\">See our plan<\/span><\/a>\n<\/div>\n<\/div>\n\n\n\n<div class=\"wp-block-column is-layout-flow wp-block-column-is-layout-flow\" style=\"flex-basis:55%\">\n<figure class=\"wp-block-image size-large\"><img loading=\"lazy\" decoding=\"async\" width=\"1024\" height=\"682\" src=\"http:\/\/demos.eaglevisionit.com\/visionwp\/wp-content\/uploads\/sites\/6\/2022\/04\/desk-computer-writing-apple-working-girl-912909-pxhere.com_-1024x682.jpg\" alt=\"\" class=\"wp-image-973\" srcset=\"https:\/\/demos.eaglevisionit.com\/visionwp\/wp-content\/uploads\/sites\/6\/2022\/04\/desk-computer-writing-apple-working-girl-912909-pxhere.com_-1024x682.jpg 1024w, https:\/\/demos.eaglevisionit.com\/visionwp\/wp-content\/uploads\/sites\/6\/2022\/04\/desk-computer-writing-apple-working-girl-912909-pxhere.com_-300x200.jpg 300w, https:\/\/demos.eaglevisionit.com\/visionwp\/wp-content\/uploads\/sites\/6\/2022\/04\/desk-computer-writing-apple-working-girl-912909-pxhere.com_-768x512.jpg 768w, https:\/\/demos.eaglevisionit.com\/visionwp\/wp-content\/uploads\/sites\/6\/2022\/04\/desk-computer-writing-apple-working-girl-912909-pxhere.com_.jpg 1280w\" sizes=\"auto, (max-width: 1024px) 100vw, 1024px\" \/><\/figure>\n<\/div>\n<\/div>\n\n\n\n<div class=\"wp-block-columns service-descriptions is-layout-flex wp-container-core-columns-is-layout-9d6595d7 wp-block-columns-is-layout-flex\">\n<div class=\"wp-block-column is-layout-flow wp-block-column-is-layout-flow\" style=\"flex-basis:55%\">\n<figure class=\"wp-block-image size-large\"><img loading=\"lazy\" decoding=\"async\" width=\"1024\" height=\"682\" src=\"http:\/\/demos.eaglevisionit.com\/visionwp\/wp-content\/uploads\/sites\/6\/2022\/04\/asian-beautiful-cellphone-chat-chatting-communication-1451173-pxhere.com_-1024x682.jpg\" alt=\"\" class=\"wp-image-957\" srcset=\"https:\/\/demos.eaglevisionit.com\/visionwp\/wp-content\/uploads\/sites\/6\/2022\/04\/asian-beautiful-cellphone-chat-chatting-communication-1451173-pxhere.com_-1024x682.jpg 1024w, https:\/\/demos.eaglevisionit.com\/visionwp\/wp-content\/uploads\/sites\/6\/2022\/04\/asian-beautiful-cellphone-chat-chatting-communication-1451173-pxhere.com_-300x200.jpg 300w, https:\/\/demos.eaglevisionit.com\/visionwp\/wp-content\/uploads\/sites\/6\/2022\/04\/asian-beautiful-cellphone-chat-chatting-communication-1451173-pxhere.com_-768x512.jpg 768w, https:\/\/demos.eaglevisionit.com\/visionwp\/wp-content\/uploads\/sites\/6\/2022\/04\/asian-beautiful-cellphone-chat-chatting-communication-1451173-pxhere.com_.jpg 1280w\" sizes=\"auto, (max-width: 1024px) 100vw, 1024px\" \/><\/figure>\n<\/div>\n\n\n\n<div class=\"wp-block-column is-layout-flow wp-block-column-is-layout-flow\" style=\"flex-basis:45%\">\n<section id=\"rise-blocks-heading-block-instance-5-a8cdd7a-f1f2-80f8-ee85-dab637fade0\"><div class=\"rise-blocks-heading-section wp-block-rise-blocks-heading left\"><h2 class=\"rise-blocks-title\">Build a better career with visionWP<\/h2><div class=\"rise-blocks-sub-description\">At vero eos et accusamus et iusto odio dignissimos ducimus qui blanditiis praesentium voluptatum deleniti atque corrupti quos dolores et quas molestias excepturi sint occaecati cupiditate non provident-.<br><br>Similique sunt in culpa qui officia deserunt mollitia animi, id est laborum et dolorum fuga.<br>Itaque earum rerum hic tenetur a sapiente delectus, ut aut reiciendis voluptatibus.<\/div><\/div><\/section>\n\n\n\n<div id=\"rise-blocks-wp-block-rise-blocks-buttons-3-112b6cf-d64a-d437-0538-855ae6a271df\" class=\"wp-block-rise-blocks-buttons\">\n<a id=\"rise-blocks-wp-block-rise-blocks-button-5-1b53d0-10b-6c7b-f701-ab61f6bd11a\" class=\"wp-block-rise-blocks-button rise-blocks-icon-left\" rel=\"noopener noreferrer\" href=\"#\" target=\"\"><span class=\"rise-blocks-advanced-button-text\">Booking request<\/span><\/a>\n\n\n\n<a id=\"rise-blocks-wp-block-rise-blocks-button-6-b8cdc81-c30c-68d3-de75-2a17457c6c3e\" class=\"wp-block-rise-blocks-button rise-blocks-icon-left\" rel=\"noopener noreferrer\" href=\"https:\/\/visionwp.eaglevisionit.com\/strands-rederi\/ex-student\/\" target=\"\"><span class=\"rise-blocks-advanced-button-text\">Read more<\/span><\/a>\n<\/div>\n<\/div>\n<\/div>\n<\/div><\/div><\/div>\n<\/div><\/div><\/div>\n<\/div><\/div><\/div>\n","protected":false},"excerpt":{"rendered":"","protected":false},"author":1,"featured_media":0,"parent":0,"menu_order":0,"comment_status":"closed","ping_status":"closed","template":"page-templates\/full-width.php","meta":{"footnotes":""},"class_list":["post-812","page","type-page","status-publish","hentry"],"rise-blocks_excerpt":"","_links":{"self":[{"href":"https:\/\/demos.eaglevisionit.com\/visionwp\/wp-json\/wp\/v2\/pages\/812","targetHints":{"allow":["GET"]}}],"collection":[{"href":"https:\/\/demos.eaglevisionit.com\/visionwp\/wp-json\/wp\/v2\/pages"}],"about":[{"href":"https:\/\/demos.eaglevisionit.com\/visionwp\/wp-json\/wp\/v2\/types\/page"}],"author":[{"embeddable":true,"href":"https:\/\/demos.eaglevisionit.com\/visionwp\/wp-json\/wp\/v2\/users\/1"}],"replies":[{"embeddable":true,"href":"https:\/\/demos.eaglevisionit.com\/visionwp\/wp-json\/wp\/v2\/comments?post=812"}],"version-history":[{"count":0,"href":"https:\/\/demos.eaglevisionit.com\/visionwp\/wp-json\/wp\/v2\/pages\/812\/revisions"}],"wp:attachment":[{"href":"https:\/\/demos.eaglevisionit.com\/visionwp\/wp-json\/wp\/v2\/media?parent=812"}],"curies":[{"name":"wp","href":"https:\/\/api.w.org\/{rel}","templated":true}]}}