{"id":376,"date":"2022-03-25T06:11:35","date_gmt":"2022-03-25T06:11:35","guid":{"rendered":"https:\/\/visionwp.eaglevisionit.com\/strands-rederi\/?page_id=376"},"modified":"2022-08-06T17:05:42","modified_gmt":"2022-08-06T17:05:42","slug":"features","status":"publish","type":"page","link":"https:\/\/demos.eaglevisionit.com\/visionwp\/features\/","title":{"rendered":"Features"},"content":{"rendered":"\n<div id=\"rise-blocks-section-block-instance-0-3abcf-de0-2888-5b34-e6b3af6855f8\" class=\"wp-block-rise-blocks-section main-banner\"><div class=\"rise-blocks-boxed rise-blocks-section-wrapper\"><div class=\"rise-blocks-section-overlay\"><\/div><div class=\"rise-blocks-section-inner\">\n<div class=\"wp-block-columns align-center is-layout-flex wp-container-core-columns-is-layout-9d6595d7 wp-block-columns-is-layout-flex\">\n<div class=\"wp-block-column is-layout-flow wp-block-column-is-layout-flow\" style=\"flex-basis:50%\">\n<section id=\"rise-blocks-heading-block-instance-0-638057-70-11c3-7bd1-ca04dff7f8\"><div class=\"rise-blocks-heading-section wp-block-rise-blocks-heading left\"><h1 class=\"rise-blocks-title\">Most trending business<\/h1><div class=\"rise-blocks-sub-description\">Njut av Stockholm fr\u00e5n vattnet med god mat, dryck och musik n\u00e4r du kryssar runt <br><br>Med of\u00f6rgl\u00f6mlig upplevelse och ett unikt minne med v\u00e4nner.<\/div><\/div><\/section>\n\n\n\n<div id=\"rise-blocks-wp-block-rise-blocks-buttons-0-be23a17-fab8-807c-414-f8f7060bcb2e\" class=\"wp-block-rise-blocks-buttons\">\n<a id=\"rise-blocks-wp-block-rise-blocks-button-0-65ad2cd-352-620f-ce5e-c1cefb6c6bb6\" class=\"wp-block-rise-blocks-button rise-blocks-icon-left\" rel=\"noopener noreferrer\" href=\"https:\/\/visionwp.eaglevisionit.com\/strands-rederi\/vara-batar\/\" target=\"\"><span class=\"rise-blocks-advanced-button-text\">See our plan<\/span><\/a>\n<\/div>\n<\/div>\n\n\n\n<div class=\"wp-block-column is-layout-flow wp-block-column-is-layout-flow\" style=\"flex-basis:50%\">\n<div id=\"rise-blocks-section-block-instance-1-ee44f78-d46e-14ad-73d-df30e16a0d33\" class=\"wp-block-rise-blocks-section hide-on-mobile\"><div class=\"rise-blocks-boxed rise-blocks-section-wrapper\"><div class=\"rise-blocks-section-inner\">\n<section id=\"rise-blocks-heading-block-instance-1-8744d2-4fb6-8c30-3502-c44c2a321aeb\"><div class=\"rise-blocks-heading-section wp-block-rise-blocks-heading center\"><h2 class=\"rise-blocks-title\">Have any questions <\/h2><div class=\"rise-blocks-sub-description\">Cras ultricies ligula sed magna dictum porta  pulvinar a. <\/div><\/div><\/section>\n\n\n\n<div class=\"wpcf7 no-js\" id=\"wpcf7-f992-o1\" lang=\"en-US\" dir=\"ltr\" data-wpcf7-id=\"992\">\n<div class=\"screen-reader-response\"><p role=\"status\" aria-live=\"polite\" aria-atomic=\"true\"><\/p> <ul><\/ul><\/div>\n<form action=\"\/visionwp\/wp-json\/wp\/v2\/pages\/376#wpcf7-f992-o1\" method=\"post\" class=\"wpcf7-form init\" aria-label=\"Contact form\" novalidate=\"novalidate\" data-status=\"init\">\n<fieldset class=\"hidden-fields-container\"><input type=\"hidden\" name=\"_wpcf7\" value=\"992\" \/><input type=\"hidden\" name=\"_wpcf7_version\" value=\"6.1.5\" \/><input type=\"hidden\" name=\"_wpcf7_locale\" value=\"en_US\" \/><input type=\"hidden\" name=\"_wpcf7_unit_tag\" value=\"wpcf7-f992-o1\" \/><input type=\"hidden\" name=\"_wpcf7_container_post\" value=\"0\" \/><input type=\"hidden\" name=\"_wpcf7_posted_data_hash\" value=\"\" \/>\n<\/fieldset>\n<div id=\"booking-form\">\n\t<p><span class=\"wpcf7-form-control-wrap\" data-name=\"your-email\"><input size=\"40\" maxlength=\"400\" class=\"wpcf7-form-control wpcf7-email wpcf7-validates-as-required wpcf7-text wpcf7-validates-as-email\" aria-required=\"true\" aria-invalid=\"false\" placeholder=\"From email\" value=\"\" type=\"email\" name=\"your-email\" \/><\/span><span class=\"wpcf7-form-control-wrap\" data-name=\"tel-909\"><input size=\"40\" maxlength=\"400\" class=\"wpcf7-form-control wpcf7-tel wpcf7-validates-as-required wpcf7-text wpcf7-validates-as-tel\" aria-required=\"true\" aria-invalid=\"false\" placeholder=\"Your phone number\" value=\"\" type=\"tel\" name=\"tel-909\" \/><\/span><span class=\"wpcf7-form-control-wrap\" data-name=\"your-message\"><textarea cols=\"40\" rows=\"10\" maxlength=\"2000\" class=\"wpcf7-form-control wpcf7-textarea\" aria-invalid=\"false\" placeholder=\"Tell us about your request\u2026\" name=\"your-message\"><\/textarea><\/span>\n\t<\/p>\n\t<div class=\"form-footer\">\n\t\t<div>\n\t\t\t<p><span class=\"wpcf7-form-control-wrap\" data-name=\"checkbox-528\"><span class=\"wpcf7-form-control wpcf7-checkbox wpcf7-validates-as-required\"><span class=\"wpcf7-list-item first last\"><label><input type=\"checkbox\" name=\"checkbox-528[]\" value=\"Accept our\" \/><span class=\"wpcf7-list-item-label\">Accept our<\/span><\/label><\/span><\/span><\/span><a href=\"#\">privacy policy<\/a>\n\t\t\t<\/p>\n\t\t<\/div>\n\t\t<p><input class=\"wpcf7-form-control wpcf7-submit has-spinner\" type=\"submit\" value=\"Send message\" \/>\n\t\t<\/p>\n\t<\/div>\n<\/div><div class=\"wpcf7-response-output\" aria-hidden=\"true\"><\/div>\n<\/form>\n<\/div>\n\n<\/div><\/div><\/div>\n<\/div>\n<\/div>\n<\/div><\/div><\/div>\n\n\n\n<div id=\"rise-blocks-section-block-instance-2-08574c0-fafb-1da4-4a4-032787b31b27\" class=\"wp-block-rise-blocks-section arrow-right no-arrow-mobile\"><div class=\"rise-blocks-boxed rise-blocks-section-wrapper\"><div class=\"rise-blocks-section-inner\">\n<section id=\"rise-blocks-heading-block-instance-2-3b2fe6f-04c5-5cc0-76-8ae7a8034cd\"><div class=\"rise-blocks-heading-section wp-block-rise-blocks-heading center\"><h2 class=\"rise-blocks-title\">Always on board our mission<\/h2><\/div><\/section>\n\n\n\n<div id=\"rise-blocks-0-2a4cde-748-441c-34fb-8e8df1be85\"><div class=\"wp-block-rise-blocks-icon-boxes rise-blocks-save rise-blocks-center-layout\"><div class=\"rise-blocks-block-lists\">\n<div id=\"rise-blocks-wp-block-rise-blocks-icon-box-0-27c1add-f823-4221-85e-7848abbb77f\"><div class=\"rise-blocks-icon-box rise-blocks-center\"><div class=\"rise-blocks-icon-wrapper\"><img loading=\"lazy\" decoding=\"async\" src=\"http:\/\/demos.eaglevisionit.com\/visionwp\/wp-content\/uploads\/sites\/6\/2022\/03\/Group-232.png\" height=\"212\" width=\"212\" alt=\"\"\/><\/div><div class=\"rise-blocks-content\"><h2 class=\"rise-blocks-title\">Lovely sun decks<\/h2><p class=\"rise-blocks-description\">At vero eos et accusamus et iusto odio dignissimos ducimus qui blanditiis.<\/p><\/div><div class=\"rise-blocks-icon-box-inner\"><\/div><\/div><\/div>\n\n\n\n<div id=\"rise-blocks-wp-block-rise-blocks-icon-box-1-e13235-71f-270f-ebc5-8884d1f65\"><div class=\"rise-blocks-icon-box rise-blocks-center\"><div class=\"rise-blocks-icon-wrapper\"><img loading=\"lazy\" decoding=\"async\" src=\"http:\/\/demos.eaglevisionit.com\/visionwp\/wp-content\/uploads\/sites\/6\/2022\/03\/Group-232-1.png\" height=\"212\" width=\"212\" alt=\"\"\/><\/div><div class=\"rise-blocks-content\"><h2 class=\"rise-blocks-title\">Food<\/h2><p class=\"rise-blocks-description\">At vero eos et accusamus et iusto odio dignissimos ducimus qui blanditiis.<\/p><\/div><div class=\"rise-blocks-icon-box-inner\"><\/div><\/div><\/div>\n\n\n\n<div id=\"rise-blocks-wp-block-rise-blocks-icon-box-2-304f67a-51b7-c570-0dc3-b33e5ea7b44\"><div class=\"rise-blocks-icon-box rise-blocks-center\"><div class=\"rise-blocks-icon-wrapper\"><img loading=\"lazy\" decoding=\"async\" src=\"http:\/\/demos.eaglevisionit.com\/visionwp\/wp-content\/uploads\/sites\/6\/2022\/03\/Group-233.png\" height=\"212\" width=\"212\" alt=\"\"\/><\/div><div class=\"rise-blocks-content\"><h2 class=\"rise-blocks-title\">Air Condition<\/h2><p class=\"rise-blocks-description\">At vero eos et accusamus et iusto odio dignissimos ducimus qui blanditiis.<\/p><\/div><div class=\"rise-blocks-icon-box-inner\"><\/div><\/div><\/div>\n\n\n\n<div id=\"rise-blocks-wp-block-rise-blocks-icon-box-3-8c50a4c-1c4e-cb5f-2c27-2c5a27838bca\"><div class=\"rise-blocks-icon-box rise-blocks-center\"><div class=\"rise-blocks-icon-wrapper\"><img loading=\"lazy\" decoding=\"async\" src=\"http:\/\/demos.eaglevisionit.com\/visionwp\/wp-content\/uploads\/sites\/6\/2022\/03\/Group-234.png\" height=\"212\" width=\"212\" alt=\"\"\/><\/div><div class=\"rise-blocks-content\"><h2 class=\"rise-blocks-title\">Professional crew<\/h2><p class=\"rise-blocks-description\">At vero eos et accusamus et iusto odio dignissimos ducimus qui blanditiis.<\/p><\/div><div class=\"rise-blocks-icon-box-inner\"><\/div><\/div><\/div>\n\n\n\n<div id=\"rise-blocks-wp-block-rise-blocks-icon-box-4-8f304a-c051-4ee-cad0-3d4d2eb1d\"><div class=\"rise-blocks-icon-box rise-blocks-center\"><div class=\"rise-blocks-icon-wrapper\"><img loading=\"lazy\" decoding=\"async\" src=\"http:\/\/demos.eaglevisionit.com\/visionwp\/wp-content\/uploads\/sites\/6\/2022\/03\/Group-10.png\" height=\"212\" width=\"212\" alt=\"\"\/><\/div><div class=\"rise-blocks-content\"><h2 class=\"rise-blocks-title\">Sound system<\/h2><p class=\"rise-blocks-description\">Efter att sista testning har skett fr\u00e5n er sida s\u00e5 \u00e4r det dags att lansera projektet.<\/p><\/div><div class=\"rise-blocks-icon-box-inner\"><\/div><\/div><\/div>\n<\/div><\/div><\/div>\n\n\n\n<div id=\"rise-blocks-1-12a04df-70a-d62f-bb1d-b478fb2d1b2c\" class=\"icon-second-row\"><div class=\"wp-block-rise-blocks-icon-boxes rise-blocks-save rise-blocks-center-layout\"><div class=\"rise-blocks-block-lists\">\n<div id=\"rise-blocks-wp-block-rise-blocks-icon-box-5-dc674a-6cdd-43a-75b-70feb416e400\"><div class=\"rise-blocks-icon-box rise-blocks-center\"><div class=\"rise-blocks-icon-wrapper\"><img loading=\"lazy\" decoding=\"async\" src=\"http:\/\/demos.eaglevisionit.com\/visionwp\/wp-content\/uploads\/sites\/6\/2022\/03\/Group-232.png\" height=\"212\" width=\"212\" alt=\"\"\/><\/div><div class=\"rise-blocks-content\"><h2 class=\"rise-blocks-title\">2 toilets<\/h2><p class=\"rise-blocks-description\">At vero eos et accusamus et iusto odio dignissimos ducimus qui blanditiis.<\/p><\/div><div class=\"rise-blocks-icon-box-inner\"><\/div><\/div><\/div>\n\n\n\n<div id=\"rise-blocks-wp-block-rise-blocks-icon-box-6-dd45fef-ea16-d35-bcd8-2c2a35a832\"><div class=\"rise-blocks-icon-box rise-blocks-center\"><div class=\"rise-blocks-icon-wrapper\"><img loading=\"lazy\" decoding=\"async\" src=\"http:\/\/demos.eaglevisionit.com\/visionwp\/wp-content\/uploads\/sites\/6\/2022\/03\/Group-232-1.png\" height=\"212\" width=\"212\" alt=\"\"\/><\/div><div class=\"rise-blocks-content\"><h2 class=\"rise-blocks-title\">Party tent in the rain<\/h2><p class=\"rise-blocks-description\">At vero eos et accusamus et iusto odio dignissimos ducimus qui blanditiis.<\/p><\/div><div class=\"rise-blocks-icon-box-inner\"><\/div><\/div><\/div>\n\n\n\n<div id=\"rise-blocks-wp-block-rise-blocks-icon-box-7-caaa1db-8b6-3e18-0df5-18e17ad17b6\"><div class=\"rise-blocks-icon-box rise-blocks-center\"><div class=\"rise-blocks-icon-wrapper\"><img loading=\"lazy\" decoding=\"async\" src=\"http:\/\/demos.eaglevisionit.com\/visionwp\/wp-content\/uploads\/sites\/6\/2022\/03\/Group-233.png\" height=\"212\" width=\"212\" alt=\"\"\/><\/div><div class=\"rise-blocks-content\"><h2 class=\"rise-blocks-title\">Cleaning<\/h2><p class=\"rise-blocks-description\">At vero eos et accusamus et iusto odio dignissimos ducimus qui blanditiis.<\/p><\/div><div class=\"rise-blocks-icon-box-inner\"><\/div><\/div><\/div>\n\n\n\n<div id=\"rise-blocks-wp-block-rise-blocks-icon-box-8-5b8ec20-1e8-03aa-60fc-be7cbe2037\"><div class=\"rise-blocks-icon-box rise-blocks-center\"><div class=\"rise-blocks-icon-wrapper\"><img loading=\"lazy\" decoding=\"async\" src=\"http:\/\/demos.eaglevisionit.com\/visionwp\/wp-content\/uploads\/sites\/6\/2022\/03\/Group-234.png\" height=\"212\" width=\"212\" alt=\"\"\/><\/div><div class=\"rise-blocks-content\"><h2 class=\"rise-blocks-title\">Insurance<\/h2><p class=\"rise-blocks-description\">At vero eos et accusamus et iusto odio dignissimos ducimus qui blanditiis.<\/p><\/div><div class=\"rise-blocks-icon-box-inner\"><\/div><\/div><\/div>\n<\/div><\/div><\/div>\n<\/div><\/div><\/div>\n\n\n\n<div id=\"rise-blocks-section-block-instance-3-ef2026-6b3-0883-07b4-2d25e1d2542\" class=\"wp-block-rise-blocks-section\"><div class=\"rise-blocks-full-width rise-blocks-section-wrapper\"><div class=\"rise-blocks-section-overlay\"><\/div><div class=\"rise-blocks-section-inner\">\n<div id=\"rise-blocks-section-block-instance-4-eecca17-1234-4bfb-1178-da060a2dabd\" class=\"wp-block-rise-blocks-section\"><div class=\"rise-blocks-full-width rise-blocks-section-wrapper\"><div class=\"rise-blocks-section-inner\">\n<div class=\"wp-block-columns service-descriptions is-layout-flex wp-container-core-columns-is-layout-9d6595d7 wp-block-columns-is-layout-flex\">\n<div class=\"wp-block-column mobile-full-width is-layout-flow wp-block-column-is-layout-flow\">\n<figure class=\"wp-block-image size-large\"><img loading=\"lazy\" decoding=\"async\" width=\"1024\" height=\"576\" src=\"http:\/\/demos.eaglevisionit.com\/visionwp\/wp-content\/uploads\/sites\/6\/2022\/04\/asia-asian-attractive-business-businesswoman-casual-1622682-pxhere.com_-1024x576.jpg\" alt=\"\" class=\"wp-image-969\" srcset=\"https:\/\/demos.eaglevisionit.com\/visionwp\/wp-content\/uploads\/sites\/6\/2022\/04\/asia-asian-attractive-business-businesswoman-casual-1622682-pxhere.com_-1024x576.jpg 1024w, https:\/\/demos.eaglevisionit.com\/visionwp\/wp-content\/uploads\/sites\/6\/2022\/04\/asia-asian-attractive-business-businesswoman-casual-1622682-pxhere.com_-300x169.jpg 300w, https:\/\/demos.eaglevisionit.com\/visionwp\/wp-content\/uploads\/sites\/6\/2022\/04\/asia-asian-attractive-business-businesswoman-casual-1622682-pxhere.com_-768x432.jpg 768w, https:\/\/demos.eaglevisionit.com\/visionwp\/wp-content\/uploads\/sites\/6\/2022\/04\/asia-asian-attractive-business-businesswoman-casual-1622682-pxhere.com_.jpg 1280w\" sizes=\"auto, (max-width: 1024px) 100vw, 1024px\" \/><\/figure>\n<\/div>\n\n\n\n<div class=\"wp-block-column is-layout-flow wp-block-column-is-layout-flow\">\n<section id=\"rise-blocks-heading-block-instance-3-a8b3b7-cccb-5d-276-f8dc2fbac85a\"><div class=\"rise-blocks-heading-section wp-block-rise-blocks-heading left\"><h2 class=\"rise-blocks-title\">Studentpaket<\/h2><\/div><\/section>\n\n\n\n<section id=\"rise-blocks-heading-block-instance-4-d75f18-6ffe-e7f4-0bc1-32cce24006e\"><div class=\"rise-blocks-heading-section wp-block-rise-blocks-heading left\"><h3 class=\"rise-blocks-title\">20 till 40 personer, 2 timmars tur<\/h3><div class=\"rise-blocks-sub-description\">Pris: 17.900 kr inkl. moms<br>Kajplats: Skeppsbrokajen 103\/104<br><\/div><\/div><\/section>\n\n\n\n<section id=\"rise-blocks-heading-block-instance-5-5a14436-10cb-e1b-d07-c8061bebffb\"><div class=\"rise-blocks-heading-section wp-block-rise-blocks-heading left\"><h3 class=\"rise-blocks-title\">40 till 70 personer, 2 timmars tur<\/h3><div class=\"rise-blocks-sub-description\">Pris: 19.900 kr inkl. moms<br>Kajplats: Skeppsbrokajen 103\/104<br><\/div><\/div><\/section>\n\n\n\n<div id=\"rise-blocks-wp-block-rise-blocks-buttons-1-ca8c25b-5fd-07dd-4814-752b07234ef4\" class=\"wp-block-rise-blocks-buttons\">\n<a id=\"rise-blocks-wp-block-rise-blocks-button-1-452802e-e615-b2ca-fa-16a00c6b42\" class=\"wp-block-rise-blocks-button rise-blocks-icon-left\" rel=\"noopener noreferrer\" href=\"#\" target=\"\"><span class=\"rise-blocks-advanced-button-text\">Booking request<\/span><\/a>\n<\/div>\n<\/div>\n<\/div>\n<\/div><\/div><\/div>\n<\/div><\/div><\/div>\n\n\n\n<div id=\"rise-blocks-section-block-instance-5-72fb673-c22-c45-7ffe-1515201abef\" class=\"wp-block-rise-blocks-section city-box\"><div class=\"rise-blocks-boxed rise-blocks-section-wrapper\"><div class=\"rise-blocks-section-overlay\"><\/div><div class=\"rise-blocks-section-inner\">\n<div id=\"rise-blocks-section-block-instance-6-83b3d5d-b7f8-322-1804-68d4a7e88\" class=\"wp-block-rise-blocks-section\"><div class=\"rise-blocks-boxed rise-blocks-section-wrapper\"><div class=\"rise-blocks-section-overlay\"><\/div><div class=\"rise-blocks-section-inner\">\n<section id=\"rise-blocks-heading-block-instance-6-88bc76-ccfa-62e5-0d47-b3dd1fe56a48\"><div class=\"rise-blocks-heading-section wp-block-rise-blocks-heading center\"><h2 class=\"rise-blocks-title\">Our mission<\/h2><div class=\"rise-blocks-sub-description\">Visionwp curabitur aliquet quam id dui posuere blandit.<\/div><\/div><\/section>\n<\/div><\/div><\/div>\n\n\n\n<div id=\"rise-blocks-2-8535a74-3be7-6e81-af74-33dcee4acd0f\" class=\"horizontal-scroll-mobile\"><div class=\"wp-block-rise-blocks-icon-boxes rise-blocks-save rise-blocks-center-layout\"><div class=\"rise-blocks-block-lists\">\n<div id=\"rise-blocks-wp-block-rise-blocks-icon-box-9-d81651a-b8e4-251-f78-ba58d45d048e\"><div class=\"rise-blocks-icon-box rise-blocks-center\"><div class=\"rise-blocks-icon-wrapper\"><img loading=\"lazy\" decoding=\"async\" src=\"http:\/\/demos.eaglevisionit.com\/visionwp\/wp-content\/uploads\/sites\/6\/2022\/04\/desk-computer-writing-apple-working-girl-912909-pxhere.com_.jpg\" height=\"853\" width=\"1280\" alt=\"\"\/><\/div><div class=\"rise-blocks-content\"><h2 class=\"rise-blocks-title\">Ambiance<\/h2><p class=\"rise-blocks-description\">Mauris blandit aliquet elit, eget tincidunt nibh pulvinar a. Curabitur aliquet quam id dui posuere blandit. .<\/p><\/div><div class=\"rise-blocks-icon-box-inner\">\n<div id=\"rise-blocks-wp-block-rise-blocks-buttons-2-6bf6728-fa7-a7b3-2360-c55e7d21a054\" class=\"wp-block-rise-blocks-buttons\">\n<a id=\"rise-blocks-wp-block-rise-blocks-button-2-73a0dea-f77b-4bc0-ddfb-c4c126d61783\" class=\"wp-block-rise-blocks-button rise-blocks-icon-left\" rel=\"noopener noreferrer\" href=\"https:\/\/visionwp.eaglevisionit.com\/strands-rederi\/batcharter\/\" target=\"\"><span class=\"rise-blocks-advanced-button-text\">More info<\/span><\/a>\n<\/div>\n<\/div><\/div><\/div>\n\n\n\n<div id=\"rise-blocks-wp-block-rise-blocks-icon-box-10-ea3f8-fdbf-6305-c534-21f486a41a7c\"><div class=\"rise-blocks-icon-box rise-blocks-center\"><div class=\"rise-blocks-icon-wrapper\"><img loading=\"lazy\" decoding=\"async\" src=\"http:\/\/demos.eaglevisionit.com\/visionwp\/wp-content\/uploads\/sites\/6\/2022\/04\/lawyers-smile-head-facial-expression-tie-happy-1642971-pxhere.com_.jpg\" height=\"854\" width=\"1280\" alt=\"\"\/><\/div><div class=\"rise-blocks-content\"><h2 class=\"rise-blocks-title\">Event<\/h2><p class=\"rise-blocks-description\">Mauris blandit aliquet elit, eget tincidunt nibh pulvinar a. Curabitur aliquet quam id dui posuere blandit. <\/p><\/div><div class=\"rise-blocks-icon-box-inner\">\n<div id=\"rise-blocks-wp-block-rise-blocks-buttons-3-85e3d06-7808-1ea4-84a-1f85cb38881\" class=\"wp-block-rise-blocks-buttons\">\n<a id=\"rise-blocks-wp-block-rise-blocks-button-3-d6f37c8-a827-1ea1-846e-0d5174c3e36\" class=\"wp-block-rise-blocks-button rise-blocks-icon-left\" rel=\"noopener noreferrer\" href=\"https:\/\/visionwp.eaglevisionit.com\/strands-rederi\/events\/\" target=\"\"><span class=\"rise-blocks-advanced-button-text\"> More info <\/span><\/a>\n<\/div>\n<\/div><\/div><\/div>\n<\/div><\/div><\/div>\n<\/div><\/div><\/div>\n\n\n\n<div id=\"rise-blocks-section-block-instance-10-04660bc-d76c-c3eb-7328-4ad2bffa7e3\" class=\"wp-block-rise-blocks-section\"><div class=\"rise-blocks-full-width rise-blocks-section-wrapper\"><div class=\"rise-blocks-section-overlay\"><\/div><div class=\"rise-blocks-section-inner\">\n<div id=\"rise-blocks-section-block-instance-11-c0b6edd-0ae-fbdf-158f-173ef76a2d60\" class=\"wp-block-rise-blocks-section\"><div class=\"rise-blocks-full-width rise-blocks-section-wrapper\"><div class=\"rise-blocks-section-inner\">\n<div class=\"wp-block-columns service-descriptions-left-text swap-col-mobile map-wrapper is-layout-flex wp-container-core-columns-is-layout-9d6595d7 wp-block-columns-is-layout-flex\">\n<div class=\"wp-block-column is-layout-flow wp-block-column-is-layout-flow\">\n<div id=\"rise-blocks-section-block-instance-12-d71176-20dd-3368-6bb7-4dac46d3ee\" class=\"wp-block-rise-blocks-section\"><div class=\"rise-blocks-boxed rise-blocks-section-wrapper\"><div class=\"rise-blocks-section-overlay\"><\/div><div class=\"rise-blocks-section-inner\">\n<section id=\"rise-blocks-heading-block-instance-10-53f16eb-1020-4c51-72e7-cdfc443182a\"><div class=\"rise-blocks-heading-section wp-block-rise-blocks-heading left\"><h2 class=\"rise-blocks-title\">Contact us for booking<\/h2><\/div><\/section>\n\n\n\n<section id=\"rise-blocks-heading-block-instance-11-ad276e6-3aa8-a7aa-6276-4a0d0d00ac3\"><div class=\"rise-blocks-heading-section wp-block-rise-blocks-heading left\"><h3 class=\"rise-blocks-title\">Our information<\/h3><div class=\"rise-blocks-sub-description\"><a href=\"#\">info@visionwp.com<br><\/a>08-21 43 10<br><br>Skeppsbrokajen 103\/104<br><a href=\"#\">www.visionwp.com<br><\/a><\/div><\/div><\/section>\n\n\n\n<section id=\"rise-blocks-heading-block-instance-12-4c11d3-038d-760-fd2-3745444fa422\"><div class=\"rise-blocks-heading-section wp-block-rise-blocks-heading left\"><h3 class=\"rise-blocks-title\">General conditions Student cruises<\/h3><div class=\"rise-blocks-sub-description\">Visionwp praesent sapien massa, convallis a pellentesque nec, egestas non nisi. Vivamus suscipit tortor eget felis porttitor volutpat.<br><br><a href=\"#\"><\/a><a href=\"https:\/\/preview.risethemes.com\/sites\/visionwp\/ex-student\/#\">Read general terms and conditions<\/a><br><\/div><\/div><\/section>\n\n\n\n<div id=\"rise-blocks-wp-block-rise-blocks-buttons-5-32f6f1f-6633-f5bb-83c-56c3eb6fa2d\" class=\"wp-block-rise-blocks-buttons\">\n<a id=\"rise-blocks-wp-block-rise-blocks-button-5-e543277-6dab-848-527d-0f40e00505\" class=\"wp-block-rise-blocks-button rise-blocks-icon-left\" rel=\"noopener noreferrer\" href=\"#\" target=\"\"><span class=\"rise-blocks-advanced-button-text\">Booking request<\/span><\/a>\n<\/div>\n<\/div><\/div><\/div>\n<\/div>\n\n\n\n<div class=\"wp-block-column is-layout-flow wp-block-column-is-layout-flow\">\n<div class=\"mapouter\"><div class=\"gmap_canvas\"><iframe loading=\"lazy\" width=\"100%\" height=\"600\" id=\"gmap_canvas\" src=\"https:\/\/maps.google.com\/maps?q=2880%20Broadway,%20New%20York&amp;t=&amp;z=13&amp;ie=UTF8&amp;iwloc=&amp;output=embed\" frameborder=\"0\" scrolling=\"no\" marginheight=\"0\" marginwidth=\"0\"><\/iframe><a href=\"https:\/\/www.embedgooglemap.net\/blog\/divi-discount-code-elegant-themes-coupon\/\">divi discount<\/a><br><style>.mapouter{position:relative;text-align:right;height:600px;width:100%;}<\/style><a href=\"https:\/\/www.embedgooglemap.net\">using google maps on website<\/a><style>.gmap_canvas {overflow:hidden;background:none!important;height:600px;width:100%;}<\/style><\/div><\/div>\n<\/div>\n<\/div>\n<\/div><\/div><\/div>\n<\/div><\/div><\/div>\n","protected":false},"excerpt":{"rendered":"","protected":false},"author":1,"featured_media":0,"parent":0,"menu_order":0,"comment_status":"closed","ping_status":"closed","template":"page-templates\/full-width.php","meta":{"footnotes":""},"class_list":["post-376","page","type-page","status-publish","hentry"],"rise-blocks_excerpt":"","_links":{"self":[{"href":"https:\/\/demos.eaglevisionit.com\/visionwp\/wp-json\/wp\/v2\/pages\/376","targetHints":{"allow":["GET"]}}],"collection":[{"href":"https:\/\/demos.eaglevisionit.com\/visionwp\/wp-json\/wp\/v2\/pages"}],"about":[{"href":"https:\/\/demos.eaglevisionit.com\/visionwp\/wp-json\/wp\/v2\/types\/page"}],"author":[{"embeddable":true,"href":"https:\/\/demos.eaglevisionit.com\/visionwp\/wp-json\/wp\/v2\/users\/1"}],"replies":[{"embeddable":true,"href":"https:\/\/demos.eaglevisionit.com\/visionwp\/wp-json\/wp\/v2\/comments?post=376"}],"version-history":[{"count":1,"href":"https:\/\/demos.eaglevisionit.com\/visionwp\/wp-json\/wp\/v2\/pages\/376\/revisions"}],"predecessor-version":[{"id":1281,"href":"https:\/\/demos.eaglevisionit.com\/visionwp\/wp-json\/wp\/v2\/pages\/376\/revisions\/1281"}],"wp:attachment":[{"href":"https:\/\/demos.eaglevisionit.com\/visionwp\/wp-json\/wp\/v2\/media?parent=376"}],"curies":[{"name":"wp","href":"https:\/\/api.w.org\/{rel}","templated":true}]}}