{"id":8,"date":"2022-04-07T07:45:21","date_gmt":"2022-04-07T07:45:21","guid":{"rendered":"https:\/\/preview.risethemes.com\/sites\/visionwp-pro\/?page_id=8"},"modified":"2022-08-06T16:41:24","modified_gmt":"2022-08-06T16:41:24","slug":"company","status":"publish","type":"page","link":"https:\/\/demos.eaglevisionit.com\/visionwp-pro\/company\/","title":{"rendered":"Company"},"content":{"rendered":"\n<div id=\"rise-blocks-section-block-instance-0-c736b10-320-4a7-0cac-b62aa38231\" class=\"wp-block-rise-blocks-section\"><div class=\"rise-blocks-full-width rise-blocks-section-wrapper\"><div class=\"rise-blocks-section-overlay\"><\/div><div class=\"rise-blocks-section-inner\">\n<div id=\"rise-blocks-section-block-instance-1-68fbb5-d22c-85be-63d3-42b5021b1\" class=\"wp-block-rise-blocks-section main-banner\"><div class=\"rise-blocks-boxed rise-blocks-section-wrapper\"><div class=\"rise-blocks-section-overlay\"><\/div><div class=\"rise-blocks-section-inner\">\n<div class=\"wp-block-columns align-center is-layout-flex wp-container-core-columns-is-layout-9d6595d7 wp-block-columns-is-layout-flex\">\n<div class=\"wp-block-column is-layout-flow wp-block-column-is-layout-flow\" style=\"flex-basis:50%\">\n<section id=\"rise-blocks-heading-block-instance-0-763d413-3dc-cb8b-ce00-0685e33eadf2\"><div class=\"rise-blocks-heading-section wp-block-rise-blocks-heading left\"><h1 class=\"rise-blocks-title\">Most trending business<\/h1><div class=\"rise-blocks-sub-description\">Njut av Stockholm fr\u00e5n vattnet med god mat, dryck och musik n\u00e4r du kryssar runt <br><br>Med of\u00f6rgl\u00f6mlig upplevelse och ett unikt minne med v\u00e4nner.<\/div><\/div><\/section>\n\n\n\n<div id=\"rise-blocks-wp-block-rise-blocks-buttons-0-0cb368b-7e0a-b4d7-d2c-57df5c60d485\" class=\"wp-block-rise-blocks-buttons\">\n<a id=\"rise-blocks-wp-block-rise-blocks-button-0-d41f-78f5-6266-06fc-626dbe870a6c\" class=\"wp-block-rise-blocks-button rise-blocks-icon-left\" rel=\"noopener noreferrer\" href=\"https:\/\/visionwp.eaglevisionit.com\/strands-rederi\/vara-batar\/\" target=\"\"><span class=\"rise-blocks-advanced-button-text\">See our plan<\/span><\/a>\n<\/div>\n<\/div>\n\n\n\n<div class=\"wp-block-column is-layout-flow wp-block-column-is-layout-flow\" style=\"flex-basis:50%\">\n<div id=\"rise-blocks-section-block-instance-2-fd25e0-7fa8-d382-64b-b20bb857d\" class=\"wp-block-rise-blocks-section hide-on-mobile\"><div class=\"rise-blocks-boxed rise-blocks-section-wrapper\"><div class=\"rise-blocks-section-inner\">\n<section id=\"rise-blocks-heading-block-instance-1-0db858-b8d-243c-1c78-e4b050864a\"><div class=\"rise-blocks-heading-section wp-block-rise-blocks-heading center\"><h2 class=\"rise-blocks-title\">Have any questions <\/h2><div class=\"rise-blocks-sub-description\">Cras ultricies ligula sed magna dictum porta  pulvinar a. <\/div><\/div><\/section>\n\n\n\n<div class=\"wpcf7 no-js\" id=\"wpcf7-f131-o1\" lang=\"en-US\" dir=\"ltr\" data-wpcf7-id=\"131\">\n<div class=\"screen-reader-response\"><p role=\"status\" aria-live=\"polite\" aria-atomic=\"true\"><\/p> <ul><\/ul><\/div>\n<form action=\"\/visionwp-pro\/wp-json\/wp\/v2\/pages\/8#wpcf7-f131-o1\" method=\"post\" class=\"wpcf7-form init\" aria-label=\"Contact form\" novalidate=\"novalidate\" data-status=\"init\">\n<fieldset class=\"hidden-fields-container\"><input type=\"hidden\" name=\"_wpcf7\" value=\"131\" \/><input type=\"hidden\" name=\"_wpcf7_version\" value=\"6.1.5\" \/><input type=\"hidden\" name=\"_wpcf7_locale\" value=\"en_US\" \/><input type=\"hidden\" name=\"_wpcf7_unit_tag\" value=\"wpcf7-f131-o1\" \/><input type=\"hidden\" name=\"_wpcf7_container_post\" value=\"0\" \/><input type=\"hidden\" name=\"_wpcf7_posted_data_hash\" value=\"\" \/>\n<\/fieldset>\n<div id=\"booking-form\">\n\t<p><span class=\"wpcf7-form-control-wrap\" data-name=\"your-email\"><input size=\"40\" maxlength=\"400\" class=\"wpcf7-form-control wpcf7-email wpcf7-validates-as-required wpcf7-text wpcf7-validates-as-email\" aria-required=\"true\" aria-invalid=\"false\" placeholder=\"From email\" value=\"\" type=\"email\" name=\"your-email\" \/><\/span><span class=\"wpcf7-form-control-wrap\" data-name=\"tel-909\"><input size=\"40\" maxlength=\"400\" class=\"wpcf7-form-control wpcf7-tel wpcf7-validates-as-required wpcf7-text wpcf7-validates-as-tel\" aria-required=\"true\" aria-invalid=\"false\" placeholder=\"Your phone number\" value=\"\" type=\"tel\" name=\"tel-909\" \/><\/span><span class=\"wpcf7-form-control-wrap\" data-name=\"your-message\"><textarea cols=\"40\" rows=\"10\" maxlength=\"2000\" class=\"wpcf7-form-control wpcf7-textarea\" aria-invalid=\"false\" placeholder=\"Tell us about your request\u2026\" name=\"your-message\"><\/textarea><\/span>\n\t<\/p>\n\t<div class=\"form-footer\">\n\t\t<div>\n\t\t\t<p><span class=\"wpcf7-form-control-wrap\" data-name=\"checkbox-528\"><span class=\"wpcf7-form-control wpcf7-checkbox wpcf7-validates-as-required\"><span class=\"wpcf7-list-item first last\"><label><input type=\"checkbox\" name=\"checkbox-528[]\" value=\"Accept our\" \/><span class=\"wpcf7-list-item-label\">Accept our<\/span><\/label><\/span><\/span><\/span><a href=\"#\">privacy policy<\/a>\n\t\t\t<\/p>\n\t\t<\/div>\n\t\t<p><input class=\"wpcf7-form-control wpcf7-submit has-spinner\" type=\"submit\" value=\"Send message\" \/>\n\t\t<\/p>\n\t<\/div>\n<\/div><div class=\"wpcf7-response-output\" aria-hidden=\"true\"><\/div>\n<\/form>\n<\/div>\n\n<\/div><\/div><\/div>\n<\/div>\n<\/div>\n<\/div><\/div><\/div>\n\n\n\n<div id=\"rise-blocks-section-block-instance-3-338ee65-113-bcf8-444-450c5d860a7\" class=\"wp-block-rise-blocks-section arrow-right no-arrow-mobile\"><div class=\"rise-blocks-boxed rise-blocks-section-wrapper\"><div class=\"rise-blocks-section-inner\">\n<section id=\"rise-blocks-heading-block-instance-2-2f6514-cde5-757c-f3-bde6576d4ed\"><div class=\"rise-blocks-heading-section wp-block-rise-blocks-heading center\"><h2 class=\"rise-blocks-title\">Always on board our mission<\/h2><\/div><\/section>\n\n\n\n<div id=\"rise-blocks-0-55dd80c-3c57-06d4-a07-8d428c0aac87\"><div class=\"wp-block-rise-blocks-icon-boxes rise-blocks-save rise-blocks-center-layout\"><div class=\"rise-blocks-block-lists\">\n<div id=\"rise-blocks-wp-block-rise-blocks-icon-box-0-74fe73-a662-2187-35c-d143b7e0031\"><div class=\"rise-blocks-icon-box rise-blocks-center\"><div class=\"rise-blocks-icon-wrapper\"><img loading=\"lazy\" decoding=\"async\" src=\"https:\/\/preview.risethemes.com\/sites\/visionwp\/wp-content\/uploads\/sites\/50\/2022\/03\/Group-232.png\" height=\"212\" width=\"212\" alt=\"\"\/><\/div><div class=\"rise-blocks-content\"><h2 class=\"rise-blocks-title\">Lovely sun decks<\/h2><p class=\"rise-blocks-description\">At vero eos et accusamus et iusto odio dignissimos ducimus qui blanditiis.<\/p><\/div><div class=\"rise-blocks-icon-box-inner\"><\/div><\/div><\/div>\n\n\n\n<div id=\"rise-blocks-wp-block-rise-blocks-icon-box-1-5e0304-bb67-ec5c-d54e-df3ca81a4d\"><div class=\"rise-blocks-icon-box rise-blocks-center\"><div class=\"rise-blocks-icon-wrapper\"><img loading=\"lazy\" decoding=\"async\" src=\"https:\/\/preview.risethemes.com\/sites\/visionwp\/wp-content\/uploads\/sites\/50\/2022\/03\/Group-232-1.png\" height=\"212\" width=\"212\" alt=\"\"\/><\/div><div class=\"rise-blocks-content\"><h2 class=\"rise-blocks-title\">Food<\/h2><p class=\"rise-blocks-description\">At vero eos et accusamus et iusto odio dignissimos ducimus qui blanditiis.<\/p><\/div><div class=\"rise-blocks-icon-box-inner\"><\/div><\/div><\/div>\n\n\n\n<div id=\"rise-blocks-wp-block-rise-blocks-icon-box-2-24eabd4-065-a0e-8274-724200c8a4\"><div class=\"rise-blocks-icon-box rise-blocks-center\"><div class=\"rise-blocks-icon-wrapper\"><img loading=\"lazy\" decoding=\"async\" src=\"https:\/\/preview.risethemes.com\/sites\/visionwp\/wp-content\/uploads\/sites\/50\/2022\/03\/Group-233.png\" height=\"212\" width=\"212\" alt=\"\"\/><\/div><div class=\"rise-blocks-content\"><h2 class=\"rise-blocks-title\">Air Condition<\/h2><p class=\"rise-blocks-description\">At vero eos et accusamus et iusto odio dignissimos ducimus qui blanditiis.<\/p><\/div><div class=\"rise-blocks-icon-box-inner\"><\/div><\/div><\/div>\n\n\n\n<div id=\"rise-blocks-wp-block-rise-blocks-icon-box-3-34acfcb-da6-c8-7ed7-5ab6576b8\"><div class=\"rise-blocks-icon-box rise-blocks-center\"><div class=\"rise-blocks-icon-wrapper\"><img loading=\"lazy\" decoding=\"async\" src=\"https:\/\/preview.risethemes.com\/sites\/visionwp\/wp-content\/uploads\/sites\/50\/2022\/03\/Group-234.png\" height=\"212\" width=\"212\" alt=\"\"\/><\/div><div class=\"rise-blocks-content\"><h2 class=\"rise-blocks-title\">Professional crew<\/h2><p class=\"rise-blocks-description\">At vero eos et accusamus et iusto odio dignissimos ducimus qui blanditiis.<\/p><\/div><div class=\"rise-blocks-icon-box-inner\"><\/div><\/div><\/div>\n\n\n\n<div id=\"rise-blocks-wp-block-rise-blocks-icon-box-4-fcde588-7c58-e4ef-aad5-b2588087c\"><div class=\"rise-blocks-icon-box rise-blocks-center\"><div class=\"rise-blocks-icon-wrapper\"><img loading=\"lazy\" decoding=\"async\" src=\"https:\/\/preview.risethemes.com\/sites\/visionwp\/wp-content\/uploads\/sites\/50\/2022\/03\/Group-10.png\" height=\"212\" width=\"212\" alt=\"\"\/><\/div><div class=\"rise-blocks-content\"><h2 class=\"rise-blocks-title\">Sound system<\/h2><p class=\"rise-blocks-description\">Efter att sista testning har skett fr\u00e5n er sida s\u00e5 \u00e4r det dags att lansera projektet.<\/p><\/div><div class=\"rise-blocks-icon-box-inner\"><\/div><\/div><\/div>\n<\/div><\/div><\/div>\n\n\n\n<div id=\"rise-blocks-1-ed43a3d-4ab1-656f-8c8f-6756345f\" class=\"icon-second-row\"><div class=\"wp-block-rise-blocks-icon-boxes rise-blocks-save rise-blocks-center-layout\"><div class=\"rise-blocks-block-lists\">\n<div id=\"rise-blocks-wp-block-rise-blocks-icon-box-5-1bebf2a-fcf-85d3-6d3d-0e468fe4e856\"><div class=\"rise-blocks-icon-box rise-blocks-center\"><div class=\"rise-blocks-icon-wrapper\"><img loading=\"lazy\" decoding=\"async\" src=\"https:\/\/preview.risethemes.com\/sites\/visionwp\/wp-content\/uploads\/sites\/50\/2022\/03\/Group-232.png\" height=\"212\" width=\"212\" alt=\"\"\/><\/div><div class=\"rise-blocks-content\"><h2 class=\"rise-blocks-title\">2 toilets<\/h2><p class=\"rise-blocks-description\">At vero eos et accusamus et iusto odio dignissimos ducimus qui blanditiis.<\/p><\/div><div class=\"rise-blocks-icon-box-inner\"><\/div><\/div><\/div>\n\n\n\n<div id=\"rise-blocks-wp-block-rise-blocks-icon-box-6-4fcd7-b8ab-e74-fd3f-c37ff0660fd\"><div class=\"rise-blocks-icon-box rise-blocks-center\"><div class=\"rise-blocks-icon-wrapper\"><img loading=\"lazy\" decoding=\"async\" src=\"https:\/\/preview.risethemes.com\/sites\/visionwp\/wp-content\/uploads\/sites\/50\/2022\/03\/Group-232-1.png\" height=\"212\" width=\"212\" alt=\"\"\/><\/div><div class=\"rise-blocks-content\"><h2 class=\"rise-blocks-title\">Party tent in the rain<\/h2><p class=\"rise-blocks-description\">At vero eos et accusamus et iusto odio dignissimos ducimus qui blanditiis.<\/p><\/div><div class=\"rise-blocks-icon-box-inner\"><\/div><\/div><\/div>\n\n\n\n<div id=\"rise-blocks-wp-block-rise-blocks-icon-box-7-ac28f3d-6130-ba4-4dd-651a4ee704a\"><div class=\"rise-blocks-icon-box rise-blocks-center\"><div class=\"rise-blocks-icon-wrapper\"><img loading=\"lazy\" decoding=\"async\" src=\"https:\/\/preview.risethemes.com\/sites\/visionwp\/wp-content\/uploads\/sites\/50\/2022\/03\/Group-233.png\" height=\"212\" width=\"212\" alt=\"\"\/><\/div><div class=\"rise-blocks-content\"><h2 class=\"rise-blocks-title\">Cleaning<\/h2><p class=\"rise-blocks-description\">At vero eos et accusamus et iusto odio dignissimos ducimus qui blanditiis.<\/p><\/div><div class=\"rise-blocks-icon-box-inner\"><\/div><\/div><\/div>\n\n\n\n<div id=\"rise-blocks-wp-block-rise-blocks-icon-box-8-d0840f4-7c-4602-a644-ce08e34d3f7a\"><div class=\"rise-blocks-icon-box rise-blocks-center\"><div class=\"rise-blocks-icon-wrapper\"><img loading=\"lazy\" decoding=\"async\" src=\"https:\/\/preview.risethemes.com\/sites\/visionwp\/wp-content\/uploads\/sites\/50\/2022\/03\/Group-234.png\" height=\"212\" width=\"212\" alt=\"\"\/><\/div><div class=\"rise-blocks-content\"><h2 class=\"rise-blocks-title\">Insurance<\/h2><p class=\"rise-blocks-description\">At vero eos et accusamus et iusto odio dignissimos ducimus qui blanditiis.<\/p><\/div><div class=\"rise-blocks-icon-box-inner\"><\/div><\/div><\/div>\n<\/div><\/div><\/div>\n<\/div><\/div><\/div>\n\n\n\n<div id=\"rise-blocks-section-block-instance-4-878712b-ec15-2871-71b-0cb836bba7e\" class=\"wp-block-rise-blocks-section\"><div class=\"rise-blocks-full-width rise-blocks-section-wrapper\"><div class=\"rise-blocks-section-overlay\"><\/div><div class=\"rise-blocks-section-inner\">\n<div id=\"rise-blocks-section-block-instance-5-03f122d-cb68-6512-4eb5-cad37e8f4d7a\" class=\"wp-block-rise-blocks-section\"><div class=\"rise-blocks-full-width rise-blocks-section-wrapper\"><div class=\"rise-blocks-section-inner\">\n<div class=\"wp-block-columns service-descriptions is-layout-flex wp-container-core-columns-is-layout-9d6595d7 wp-block-columns-is-layout-flex\">\n<div class=\"wp-block-column mobile-full-width is-layout-flow wp-block-column-is-layout-flow\">\n<figure class=\"wp-block-image size-large\"><img loading=\"lazy\" decoding=\"async\" width=\"1024\" height=\"682\" src=\"http:\/\/demos.eaglevisionit.com\/visionwp-pro\/wp-content\/uploads\/sites\/5\/2022\/04\/woman-love-couple-romance-romantic-together-647692-pxhere.com_-1024x682.jpg\" alt=\"\" class=\"wp-image-150\" srcset=\"https:\/\/demos.eaglevisionit.com\/visionwp-pro\/wp-content\/uploads\/sites\/5\/2022\/04\/woman-love-couple-romance-romantic-together-647692-pxhere.com_-1024x682.jpg 1024w, https:\/\/demos.eaglevisionit.com\/visionwp-pro\/wp-content\/uploads\/sites\/5\/2022\/04\/woman-love-couple-romance-romantic-together-647692-pxhere.com_-300x200.jpg 300w, https:\/\/demos.eaglevisionit.com\/visionwp-pro\/wp-content\/uploads\/sites\/5\/2022\/04\/woman-love-couple-romance-romantic-together-647692-pxhere.com_-768x512.jpg 768w, https:\/\/demos.eaglevisionit.com\/visionwp-pro\/wp-content\/uploads\/sites\/5\/2022\/04\/woman-love-couple-romance-romantic-together-647692-pxhere.com_.jpg 1280w\" sizes=\"auto, (max-width: 1024px) 100vw, 1024px\" \/><\/figure>\n<\/div>\n\n\n\n<div class=\"wp-block-column is-layout-flow wp-block-column-is-layout-flow\">\n<section id=\"rise-blocks-heading-block-instance-3-7f52137-83a-8086-af68-370be356a5\"><div class=\"rise-blocks-heading-section wp-block-rise-blocks-heading left\"><h2 class=\"rise-blocks-title\">Student park<\/h2><\/div><\/section>\n\n\n\n<section id=\"rise-blocks-heading-block-instance-4-d674d71-bb-72f7-b736-2346f7a27a48\"><div class=\"rise-blocks-heading-section wp-block-rise-blocks-heading left\"><h3 class=\"rise-blocks-title\">20 to 40 people, 2 hour tour<\/h3><div class=\"rise-blocks-sub-description\">Pris: 17.900 kr inkl. moms<br>Kajplats: Skeppsbrokajen 103\/104<br><\/div><\/div><\/section>\n\n\n\n<section id=\"rise-blocks-heading-block-instance-5-ceae54-62cb-a5f4-b07c-51e5216fb73\"><div class=\"rise-blocks-heading-section wp-block-rise-blocks-heading left\"><h3 class=\"rise-blocks-title\">40 to 70 people, 2 hours tour<\/h3><div class=\"rise-blocks-sub-description\">Pris: 19.900 kr inkl. moms<br>Kajplats: Skeppsbrokajen 103\/104<br><\/div><\/div><\/section>\n\n\n\n<div id=\"rise-blocks-wp-block-rise-blocks-buttons-1-d22f47-7110-6468-6b1-5d557e1223f6\" class=\"wp-block-rise-blocks-buttons\">\n<a id=\"rise-blocks-wp-block-rise-blocks-button-1-e333ba6-5be0-64b1-fc66-27f0c218656\" class=\"wp-block-rise-blocks-button rise-blocks-icon-left\" rel=\"noopener noreferrer\" href=\"#\" target=\"\"><span class=\"rise-blocks-advanced-button-text\">Booking request<\/span><\/a>\n<\/div>\n<\/div>\n<\/div>\n<\/div><\/div><\/div>\n<\/div><\/div><\/div>\n\n\n\n<div id=\"rise-blocks-section-block-instance-6-3fd116-638f-b5aa-57a5-6e246e03050\" class=\"wp-block-rise-blocks-section city-box\"><div class=\"rise-blocks-boxed rise-blocks-section-wrapper\"><div class=\"rise-blocks-section-overlay\"><\/div><div class=\"rise-blocks-section-inner\">\n<div id=\"rise-blocks-section-block-instance-7-4684c12-52c-bd07-473a-d7c84e005681\" class=\"wp-block-rise-blocks-section\"><div class=\"rise-blocks-boxed rise-blocks-section-wrapper\"><div class=\"rise-blocks-section-overlay\"><\/div><div class=\"rise-blocks-section-inner\">\n<section id=\"rise-blocks-heading-block-instance-6-50cec2-246a-1f71-7a48-b114382404a\"><div class=\"rise-blocks-heading-section wp-block-rise-blocks-heading center\"><h2 class=\"rise-blocks-title\">Our mission<\/h2><div class=\"rise-blocks-sub-description\">Visionwp curabitur aliquet quam id dui posuere blandit.<\/div><\/div><\/section>\n<\/div><\/div><\/div>\n\n\n\n<div id=\"rise-blocks-2-f2443b-74a0-ef61-8252-b6eaa7662e65\" class=\"horizontal-scroll-mobile\"><div class=\"wp-block-rise-blocks-icon-boxes rise-blocks-save rise-blocks-center-layout\"><div class=\"rise-blocks-block-lists\">\n<div id=\"rise-blocks-wp-block-rise-blocks-icon-box-9-14d3cc1-b0e-d4e2-658-7bd4d4feaf\"><div class=\"rise-blocks-icon-box rise-blocks-center\"><div class=\"rise-blocks-icon-wrapper\"><img loading=\"lazy\" decoding=\"async\" src=\"https:\/\/preview.risethemes.com\/sites\/visionwp\/wp-content\/uploads\/sites\/50\/2022\/04\/desk-computer-writing-apple-working-girl-912909-pxhere.com_.jpg\" height=\"853\" width=\"1280\" alt=\"\"\/><\/div><div class=\"rise-blocks-content\"><h2 class=\"rise-blocks-title\">Ambiance<\/h2><p class=\"rise-blocks-description\">Mauris blandit aliquet elit, eget tincidunt nibh pulvinar a. Curabitur aliquet quam id dui posuere blandit. .<\/p><\/div><div class=\"rise-blocks-icon-box-inner\">\n<div id=\"rise-blocks-wp-block-rise-blocks-buttons-2-8fe6536-76fc-c6bf-1e4c-80eb34c7e1e6\" class=\"wp-block-rise-blocks-buttons\">\n<a id=\"rise-blocks-wp-block-rise-blocks-button-2-c0db8-e203-666c-d7a-85ab621aecaa\" class=\"wp-block-rise-blocks-button rise-blocks-icon-left\" rel=\"noopener noreferrer\" href=\"https:\/\/visionwp.eaglevisionit.com\/strands-rederi\/batcharter\/\" target=\"\"><span class=\"rise-blocks-advanced-button-text\">More info<\/span><\/a>\n<\/div>\n<\/div><\/div><\/div>\n\n\n\n<div id=\"rise-blocks-wp-block-rise-blocks-icon-box-10-3f75c27-267f-a504-ce74-4571f77f5a14\"><div class=\"rise-blocks-icon-box rise-blocks-center\"><div class=\"rise-blocks-icon-wrapper\"><img loading=\"lazy\" decoding=\"async\" src=\"https:\/\/preview.risethemes.com\/sites\/visionwp\/wp-content\/uploads\/sites\/50\/2022\/04\/lawyers-smile-head-facial-expression-tie-happy-1642971-pxhere.com_.jpg\" height=\"854\" width=\"1280\" alt=\"\"\/><\/div><div class=\"rise-blocks-content\"><h2 class=\"rise-blocks-title\">Event<\/h2><p class=\"rise-blocks-description\">Mauris blandit aliquet elit, eget tincidunt nibh pulvinar a. Curabitur aliquet quam id dui posuere blandit. <\/p><\/div><div class=\"rise-blocks-icon-box-inner\">\n<div id=\"rise-blocks-wp-block-rise-blocks-buttons-3-a0d6f-7071-c6b4-f1a5-a0d4fa137dcf\" class=\"wp-block-rise-blocks-buttons\">\n<a id=\"rise-blocks-wp-block-rise-blocks-button-3-782a844-a1f-8b0d-4e2c-8b10dd5e451\" class=\"wp-block-rise-blocks-button rise-blocks-icon-left\" rel=\"noopener noreferrer\" href=\"https:\/\/visionwp.eaglevisionit.com\/strands-rederi\/events\/\" target=\"\"><span class=\"rise-blocks-advanced-button-text\"> More info <\/span><\/a>\n<\/div>\n<\/div><\/div><\/div>\n<\/div><\/div><\/div>\n<\/div><\/div><\/div>\n\n\n\n<div id=\"rise-blocks-section-block-instance-11-34167cd-6d30-72a-23d7-6f32028f4f\" class=\"wp-block-rise-blocks-section\"><div class=\"rise-blocks-full-width rise-blocks-section-wrapper\"><div class=\"rise-blocks-section-overlay\"><\/div><div class=\"rise-blocks-section-inner\">\n<div id=\"rise-blocks-section-block-instance-12-e1cdbb-b8c0-47-a88c-aaaf70a8a818\" class=\"wp-block-rise-blocks-section\"><div class=\"rise-blocks-full-width rise-blocks-section-wrapper\"><div class=\"rise-blocks-section-inner\">\n<div class=\"wp-block-columns service-descriptions-left-text swap-col-mobile map-wrapper is-layout-flex wp-container-core-columns-is-layout-9d6595d7 wp-block-columns-is-layout-flex\">\n<div class=\"wp-block-column is-layout-flow wp-block-column-is-layout-flow\">\n<div id=\"rise-blocks-section-block-instance-13-ebe148-55b2-d3de-66f-d442f2cd4def\" class=\"wp-block-rise-blocks-section\"><div class=\"rise-blocks-boxed rise-blocks-section-wrapper\"><div class=\"rise-blocks-section-overlay\"><\/div><div class=\"rise-blocks-section-inner\">\n<section id=\"rise-blocks-heading-block-instance-10-54ac56a-6f71-40a0-5dc7-ac6051af8087\"><div class=\"rise-blocks-heading-section wp-block-rise-blocks-heading left\"><h2 class=\"rise-blocks-title\">Contact us for booking<\/h2><\/div><\/section>\n\n\n\n<section id=\"rise-blocks-heading-block-instance-11-60287ea-7522-31eb-4603-db6a875bc2\"><div class=\"rise-blocks-heading-section wp-block-rise-blocks-heading left\"><h3 class=\"rise-blocks-title\">Our information<\/h3><div class=\"rise-blocks-sub-description\"><a href=\"#\">info@visionwp.com<br><\/a>08-21 43 10<br><br>Skeppsbrokajen 103\/104<br><a href=\"#\">www.visionwp.com<br><\/a><\/div><\/div><\/section>\n\n\n\n<section id=\"rise-blocks-heading-block-instance-12-513acb5-0764-fcc5-ed3-b4bf5053bbad\"><div class=\"rise-blocks-heading-section wp-block-rise-blocks-heading left\"><h3 class=\"rise-blocks-title\">General conditions Student cruises<\/h3><div class=\"rise-blocks-sub-description\">Visionwp praesent sapien massa, convallis a pellentesque nec, egestas non nisi. Vivamus suscipit tortor eget felis porttitor volutpat.<br><br><a href=\"#\"><\/a><a href=\"https:\/\/preview.risethemes.com\/sites\/visionwp\/ex-student\/#\">Read general terms and conditions<\/a><br><\/div><\/div><\/section>\n\n\n\n<div id=\"rise-blocks-wp-block-rise-blocks-buttons-5-be5acc-4e8-806-885f-332c8ae0dc6f\" class=\"wp-block-rise-blocks-buttons\">\n<a id=\"rise-blocks-wp-block-rise-blocks-button-5-5501e0-5bea-eb1-bee1-01e17ebe8a5f\" class=\"wp-block-rise-blocks-button rise-blocks-icon-left\" rel=\"noopener noreferrer\" href=\"#\" target=\"\"><span class=\"rise-blocks-advanced-button-text\">Booking request<\/span><\/a>\n<\/div>\n<\/div><\/div><\/div>\n<\/div>\n\n\n\n<div class=\"wp-block-column is-layout-flow wp-block-column-is-layout-flow\">\n<div class=\"mapouter\"><div class=\"gmap_canvas\"><iframe loading=\"lazy\" width=\"100%\" height=\"600\" id=\"gmap_canvas\" src=\"https:\/\/maps.google.com\/maps?q=2880%20Broadway,%20New%20York&amp;t=&amp;z=13&amp;ie=UTF8&amp;iwloc=&amp;output=embed\" frameborder=\"0\" scrolling=\"no\" marginheight=\"0\" marginwidth=\"0\"><\/iframe><a href=\"https:\/\/www.embedgooglemap.net\/blog\/divi-discount-code-elegant-themes-coupon\/\">divi discount<\/a><br><style>.mapouter{position:relative;text-align:right;height:600px;width:100%;}<\/style><a href=\"https:\/\/www.embedgooglemap.net\">using google maps on website<\/a><style>.gmap_canvas {overflow:hidden;background:none!important;height:600px;width:100%;}<\/style><\/div><\/div>\n<\/div>\n<\/div>\n<\/div><\/div><\/div>\n<\/div><\/div><\/div>\n<\/div><\/div><\/div>\n","protected":false},"excerpt":{"rendered":"","protected":false},"author":1,"featured_media":0,"parent":0,"menu_order":0,"comment_status":"closed","ping_status":"closed","template":"page-templates\/full-width.php","meta":{"footnotes":""},"class_list":["post-8","page","type-page","status-publish","hentry"],"rise-blocks_excerpt":"","_links":{"self":[{"href":"https:\/\/demos.eaglevisionit.com\/visionwp-pro\/wp-json\/wp\/v2\/pages\/8","targetHints":{"allow":["GET"]}}],"collection":[{"href":"https:\/\/demos.eaglevisionit.com\/visionwp-pro\/wp-json\/wp\/v2\/pages"}],"about":[{"href":"https:\/\/demos.eaglevisionit.com\/visionwp-pro\/wp-json\/wp\/v2\/types\/page"}],"author":[{"embeddable":true,"href":"https:\/\/demos.eaglevisionit.com\/visionwp-pro\/wp-json\/wp\/v2\/users\/1"}],"replies":[{"embeddable":true,"href":"https:\/\/demos.eaglevisionit.com\/visionwp-pro\/wp-json\/wp\/v2\/comments?post=8"}],"version-history":[{"count":2,"href":"https:\/\/demos.eaglevisionit.com\/visionwp-pro\/wp-json\/wp\/v2\/pages\/8\/revisions"}],"predecessor-version":[{"id":290,"href":"https:\/\/demos.eaglevisionit.com\/visionwp-pro\/wp-json\/wp\/v2\/pages\/8\/revisions\/290"}],"wp:attachment":[{"href":"https:\/\/demos.eaglevisionit.com\/visionwp-pro\/wp-json\/wp\/v2\/media?parent=8"}],"curies":[{"name":"wp","href":"https:\/\/api.w.org\/{rel}","templated":true}]}}