{"id":12,"date":"2022-04-07T07:46:45","date_gmt":"2022-04-07T07:46:45","guid":{"rendered":"https:\/\/preview.risethemes.com\/sites\/visionwp-pro\/?page_id=12"},"modified":"2022-08-24T10:34:50","modified_gmt":"2022-08-24T10:34:50","slug":"projects","status":"publish","type":"page","link":"https:\/\/demos.eaglevisionit.com\/visionwp-pro\/projects\/","title":{"rendered":"Projects"},"content":{"rendered":"\n<div id=\"rise-blocks-section-block-instance-0-53301de-0e7c-357d-0f8c-a63347706\" class=\"wp-block-rise-blocks-section\"><div class=\"rise-blocks-full-width rise-blocks-section-wrapper\"><div class=\"rise-blocks-section-overlay\"><\/div><div class=\"rise-blocks-section-inner\">\n<div id=\"rise-blocks-section-block-instance-1-18a86b-dd8d-c2ef-b1bf-8ea2c033c6f8\" class=\"wp-block-rise-blocks-section main-banner full-banner\"><div class=\"rise-blocks-boxed rise-blocks-section-wrapper\"><div class=\"rise-blocks-section-overlay\"><\/div><div class=\"rise-blocks-section-inner\">\n<div id=\"rise-blocks-section-block-instance-2-acda772-5dac-bab4-855a-da758e71857\" class=\"wp-block-rise-blocks-section\"><div class=\"rise-blocks-boxed rise-blocks-section-wrapper\"><div class=\"rise-blocks-section-overlay\"><\/div><div class=\"rise-blocks-section-inner\"><\/div><\/div><\/div>\n\n\n\n<section id=\"rise-blocks-heading-block-instance-0-232d51f-32be-d54a-4d1-7838631d6886\"><div class=\"rise-blocks-heading-section wp-block-rise-blocks-heading center\"><h1 class=\"rise-blocks-title\">The Future of <br>the visionwp<\/h1><div class=\"rise-blocks-sub-description\">Vivamus magna justo, lacinia eget <br>consectetur sed, convallis at tellus. Sed porttitor lectus nibh.<\/div><\/div><\/section>\n\n\n\n<div id=\"rise-blocks-wp-block-rise-blocks-buttons-0-a280e3c-a735-b08-2f4d-52e8ed4daa1\" class=\"wp-block-rise-blocks-buttons aligncenter\">\n<a id=\"rise-blocks-wp-block-rise-blocks-button-0-5d5615-1c20-c528-4dfb-ec522b4b3e\" class=\"wp-block-rise-blocks-button rise-blocks-icon-left\" rel=\"noopener noreferrer\" href=\"#\" target=\"\"><span class=\"rise-blocks-advanced-button-text\">Sign up now!<\/span><\/a>\n\n\n\n<a id=\"rise-blocks-wp-block-rise-blocks-button-1-0f38cf-88bf-777a-866c-1f275103a7e\" class=\"wp-block-rise-blocks-button rise-blocks-icon-left\" rel=\"noopener noreferrer\" href=\"#\" target=\"\"><span class=\"rise-blocks-advanced-button-text\">Events<\/span><\/a>\n<\/div>\n<\/div><\/div><\/div>\n\n\n\n<div id=\"rise-blocks-section-block-instance-3-82c25-b227-d18-61fc-28ab1a1784\" class=\"wp-block-rise-blocks-section arrow-right\"><div class=\"rise-blocks-boxed rise-blocks-section-wrapper\"><div class=\"rise-blocks-section-inner\">\n<section id=\"rise-blocks-heading-block-instance-1-e770b80-38bc-52b-4a43-204b51cfc8\"><div class=\"rise-blocks-heading-section wp-block-rise-blocks-heading center\"><h2 class=\"rise-blocks-title\">Always on board our mission<\/h2><\/div><\/section>\n\n\n\n<div id=\"rise-blocks-0-6e3080-06bc-a60-6c3b-5217278a6df\" class=\"horizontal-scroll-mobile\"><div class=\"wp-block-rise-blocks-icon-boxes rise-blocks-save rise-blocks-center-layout\"><div class=\"rise-blocks-block-lists\">\n<div id=\"rise-blocks-wp-block-rise-blocks-icon-box-0-7b4edcf-8a5e-166-07c8-c6accfd2dfc4\"><div class=\"rise-blocks-icon-box rise-blocks-center\"><div class=\"rise-blocks-icon-wrapper\"><img loading=\"lazy\" decoding=\"async\" src=\"https:\/\/preview.risethemes.com\/sites\/visionwp\/wp-content\/uploads\/sites\/50\/2022\/03\/Group-232.png\" height=\"212\" width=\"212\" alt=\"\"\/><\/div><div class=\"rise-blocks-content\"><h2 class=\"rise-blocks-title\">Lovely sun decks<\/h2><p class=\"rise-blocks-description\">At vero eos et accusamus et iusto odio dignissimos ducimus qui blanditiis.<\/p><\/div><div class=\"rise-blocks-icon-box-inner\"><\/div><\/div><\/div>\n\n\n\n<div id=\"rise-blocks-wp-block-rise-blocks-icon-box-1-a075ee-fc54-4fff-004f-44a3ef3a13cc\"><div class=\"rise-blocks-icon-box rise-blocks-center\"><div class=\"rise-blocks-icon-wrapper\"><img loading=\"lazy\" decoding=\"async\" src=\"https:\/\/preview.risethemes.com\/sites\/visionwp\/wp-content\/uploads\/sites\/50\/2022\/03\/Group-232-1.png\" height=\"212\" width=\"212\" alt=\"\"\/><\/div><div class=\"rise-blocks-content\"><h2 class=\"rise-blocks-title\">Food<\/h2><p class=\"rise-blocks-description\">At vero eos et accusamus et iusto odio dignissimos ducimus qui blanditiis.<\/p><\/div><div class=\"rise-blocks-icon-box-inner\"><\/div><\/div><\/div>\n\n\n\n<div id=\"rise-blocks-wp-block-rise-blocks-icon-box-2-65d6ea-272-b6a1-61a0-111eed4780cc\"><div class=\"rise-blocks-icon-box rise-blocks-center\"><div class=\"rise-blocks-icon-wrapper\"><img loading=\"lazy\" decoding=\"async\" src=\"https:\/\/preview.risethemes.com\/sites\/visionwp\/wp-content\/uploads\/sites\/50\/2022\/03\/Group-233.png\" height=\"212\" width=\"212\" alt=\"\"\/><\/div><div class=\"rise-blocks-content\"><h2 class=\"rise-blocks-title\">Air Condition<\/h2><p class=\"rise-blocks-description\">At vero eos et accusamus et iusto odio dignissimos ducimus qui blanditiis.<\/p><\/div><div class=\"rise-blocks-icon-box-inner\"><\/div><\/div><\/div>\n\n\n\n<div id=\"rise-blocks-wp-block-rise-blocks-icon-box-3-b8241bb-b10f-203c-56d4-c6368535bb4\"><div class=\"rise-blocks-icon-box rise-blocks-center\"><div class=\"rise-blocks-icon-wrapper\"><img loading=\"lazy\" decoding=\"async\" src=\"https:\/\/preview.risethemes.com\/sites\/visionwp\/wp-content\/uploads\/sites\/50\/2022\/03\/Group-234.png\" height=\"212\" width=\"212\" alt=\"\"\/><\/div><div class=\"rise-blocks-content\"><h2 class=\"rise-blocks-title\">Professional crew<\/h2><p class=\"rise-blocks-description\">At vero eos et accusamus et iusto odio dignissimos ducimus qui blanditiis.<\/p><\/div><div class=\"rise-blocks-icon-box-inner\"><\/div><\/div><\/div>\n\n\n\n<div id=\"rise-blocks-wp-block-rise-blocks-icon-box-4-cfe513c-aa58-20-6275-0c27846d310\"><div class=\"rise-blocks-icon-box rise-blocks-center\"><div class=\"rise-blocks-icon-wrapper\"><img loading=\"lazy\" decoding=\"async\" src=\"https:\/\/preview.risethemes.com\/sites\/visionwp\/wp-content\/uploads\/sites\/50\/2022\/03\/Group-10.png\" height=\"212\" width=\"212\" alt=\"\"\/><\/div><div class=\"rise-blocks-content\"><h2 class=\"rise-blocks-title\">Sound system<\/h2><p class=\"rise-blocks-description\">Efter att sista testning har skett fr\u00e5n er sida s\u00e5 \u00e4r det dags att lansera projektet.<\/p><\/div><div class=\"rise-blocks-icon-box-inner\"><\/div><\/div><\/div>\n<\/div><\/div><\/div>\n<\/div><\/div><\/div>\n\n\n\n<div id=\"rise-blocks-section-block-instance-4-cbc8142-5bda-7e6a-cb76-885dc15d4f8e\" class=\"wp-block-rise-blocks-section\"><div class=\"rise-blocks-full-width rise-blocks-section-wrapper\"><div class=\"rise-blocks-section-overlay\"><\/div><div class=\"rise-blocks-section-inner\">\n<div id=\"rise-blocks-section-block-instance-5-32b121-a4b-67a-d804-d2ca24584712\" class=\"wp-block-rise-blocks-section\"><div class=\"rise-blocks-full-width rise-blocks-section-wrapper\"><div class=\"rise-blocks-section-inner\">\n<div class=\"wp-block-columns service-descriptions is-layout-flex wp-container-core-columns-is-layout-9d6595d7 wp-block-columns-is-layout-flex\">\n<div class=\"wp-block-column is-layout-flow wp-block-column-is-layout-flow\" style=\"flex-basis:55%\">\t\t\t<div id=\"rise-blocks-image-slider-block-instance-0-c61c4f-a15a-881-34a3-7f6aed28b3c\" class=\"rise-blocks-image-slider\">\r\n\t\t\t\t\t\t\t\t\t\t\t\t\t\t\t<div class=\"rise-blocks-image-slider-init\">\r\n\t\t\t\t\t\t\t\t\t\t\t\t\t\t<a class=\"image-slider\" href=\"#\" target=\"_self\">\r\n\t\t\t\t\t\t\t\t<span class=\"screen-reader-text\">anna-lena-groenefeld-287035_1920<\/span>\r\n\t\t\t\t\t\t\t\t<img decoding=\"async\" src=\"http:\/\/demos.eaglevisionit.com\/visionwp-pro\/wp-content\/uploads\/sites\/5\/2021\/12\/anna-lena-groenefeld-287035_1920.jpg\"\r\n\t\t\t\t\t\t\t\t\t height=\"1280\"\r\n\t\t\t\t\t\t\t\t\t width=\"100%\"\r\n\t\t\t\t\t\t\t\t\t alt=\"\"\r\n\t\t\t\t\t\t\t\t>\r\n\t\t\t\t\t\t\t<\/a>\r\n\t\t\t\t\t\t<\/div>\r\n\t\t\t\t\t\t\t\t\t\t\t<div class=\"rise-blocks-image-slider-init\">\r\n\t\t\t\t\t\t\t\t\t\t\t\t\t\t<a class=\"image-slider\" href=\"#\" target=\"_self\">\r\n\t\t\t\t\t\t\t\t<span class=\"screen-reader-text\">article-32<\/span>\r\n\t\t\t\t\t\t\t\t<img decoding=\"async\" src=\"http:\/\/demos.eaglevisionit.com\/visionwp-pro\/wp-content\/uploads\/sites\/5\/2021\/12\/article-32.jpg\"\r\n\t\t\t\t\t\t\t\t\t height=\"900\"\r\n\t\t\t\t\t\t\t\t\t width=\"100%\"\r\n\t\t\t\t\t\t\t\t\t alt=\"\"\r\n\t\t\t\t\t\t\t\t>\r\n\t\t\t\t\t\t\t<\/a>\r\n\t\t\t\t\t\t<\/div>\r\n\t\t\t\t\t\t\t\t\t\t\t\t<\/div>\r\n\t\t\t<\/div>\n\n\n\n<div class=\"wp-block-column is-layout-flow wp-block-column-is-layout-flow\" style=\"flex-basis:45%\">\n<section id=\"rise-blocks-heading-block-instance-2-b546521-806a-4c38-500a-8f283752\"><div class=\"rise-blocks-heading-section wp-block-rise-blocks-heading left\"><h2 class=\"rise-blocks-title\">Ambience<\/h2><div class=\"rise-blocks-sub-description\">Njut av en lugn och s\u00e4ker rundtur p\u00e5 de 2 gener\u00f6sa sold\u00e4cken eller om du f\u00f6redrar insidan i den mysiga loungen med stora panoramaf\u00f6nster och luftkonditionering.<br><br>Grupper upp till 150 passagerare med 80 sittande matg\u00e4ster.<br>H\u00f6g komfort, atmosf\u00e4r och bra tillg\u00e4nglighet.<\/div><\/div><\/section>\n\n\n\n<div id=\"rise-blocks-wp-block-rise-blocks-accordion-0-1761a1c-6c11-25a7-a832-3223fa1b7bc6\" class=\"wp-block-rise-blocks-accordion\">\n<div id=\"rise-blocks-wp-block-rise-blocks-accordion-item-0-314cc5-88a3-3ea6-ed31-b201abcd046c\" itemscope itemprop=\"mainEntity\" itemtype=\"http:\/\/schema.org\/Question\" class=\"wp-block-rise-blocks-accordion-item\"><div class=\"rise-blocks-accordion-item\"><div class=\"rise-blocks-accordion-item-header\"><h3 itemprop=\"name\"><a href=\"#\">Om M\/S Ambience<\/a><\/h3><\/div><div class=\"rise-blocks-accordion-content-wrapper\" itemprop=\"acceptedAnswer\" itemscope itemtype=\"http:\/\/schema.org\/Answer\"><div class=\"rise-blocks-accordion-content\" itemprop=\"text\">\n<p>Njut av en lugn och s\u00e4ker rundtur p\u00e5 de 2 gener\u00f6sa sold\u00e4cken eller om du f\u00f6redrar insidan i den mysiga loungen med stora panoramaf\u00f6nster och luftkonditionering.<\/p>\n\n\n\n<p>Grupper upp till 150 passagerare med 80 sittande matg\u00e4ster.<br>H\u00f6g komfort, atmosf\u00e4r och bra tillg\u00e4nglighet.<\/p>\n<\/div><\/div><\/div><\/div>\n\n\n\n<div id=\"rise-blocks-wp-block-rise-blocks-accordion-item-1-e1fdd84-3c4d-f5b-7e7f-2076b3cc0261\" itemscope itemprop=\"mainEntity\" itemtype=\"http:\/\/schema.org\/Question\" class=\"wp-block-rise-blocks-accordion-item\"><div class=\"rise-blocks-accordion-item\"><div class=\"rise-blocks-accordion-item-header\"><h3 itemprop=\"name\"><a href=\"#\">Visionwp Details<\/a><\/h3><\/div><div class=\"rise-blocks-accordion-content-wrapper\" itemprop=\"acceptedAnswer\" itemscope itemtype=\"http:\/\/schema.org\/Answer\"><div class=\"rise-blocks-accordion-content\" itemprop=\"text\">\n<p>Njut av en lugn och s\u00e4ker rundtur p\u00e5 de 2 gener\u00f6sa sold\u00e4cken eller om du f\u00f6redrar insidan i den mysiga loungen med stora panoramaf\u00f6nster och luftkonditionering.<\/p>\n\n\n\n<p>Grupper upp till 150 passagerare med 80 sittande matg\u00e4ster.<br>H\u00f6g komfort, atmosf\u00e4r och bra tillg\u00e4nglighet.<\/p>\n<\/div><\/div><\/div><\/div>\n<\/div>\n\n\n\n<div id=\"rise-blocks-wp-block-rise-blocks-buttons-1-72bf768-367-4065-10ee-5ed2788fb8\" class=\"wp-block-rise-blocks-buttons\">\n<a id=\"rise-blocks-wp-block-rise-blocks-button-2-2483f8a-cc16-46d3-4e0-3647b5ce32ea\" class=\"wp-block-rise-blocks-button rise-blocks-icon-left\" rel=\"noopener noreferrer\" href=\"#\" target=\"\"><span class=\"rise-blocks-advanced-button-text\">Booking request<\/span><\/a>\n<\/div>\n<\/div>\n<\/div>\n\n\n\n<div class=\"wp-block-columns service-descriptions-left-text swap-col-mobile is-layout-flex wp-container-core-columns-is-layout-9d6595d7 wp-block-columns-is-layout-flex\">\n<div class=\"wp-block-column is-layout-flow wp-block-column-is-layout-flow\" style=\"flex-basis:45%\">\n<section id=\"rise-blocks-heading-block-instance-3-4b410e-382c-22ff-35d5-b524c1a361\"><div class=\"rise-blocks-heading-section wp-block-rise-blocks-heading left\"><h2 class=\"rise-blocks-title\">Brands<\/h2><div class=\"rise-blocks-sub-description\">Mycket charmig och unik f\u00f6r att fylla alla behov f\u00f6r en fantastisk upplevelse av Stockholm fr\u00e5n vatten.<br><br>Grupper upp till 40 passagerare med 36 sittande matg\u00e4ster.<br>H\u00f6g standard, s\u00e4kerhet och komfort.<\/div><\/div><\/section>\n\n\n\n<div id=\"rise-blocks-wp-block-rise-blocks-accordion-1-a3d62e2-14f7-3843-54d1-52c0e86f384\" class=\"wp-block-rise-blocks-accordion\">\n<div id=\"rise-blocks-wp-block-rise-blocks-accordion-item-3-8b72718-7d1c-ee85-217a-37b8147ad0c\" itemscope itemprop=\"mainEntity\" itemtype=\"http:\/\/schema.org\/Question\" class=\"wp-block-rise-blocks-accordion-item\"><div class=\"rise-blocks-accordion-item\"><div class=\"rise-blocks-accordion-item-header\"><h3 itemprop=\"name\"><a href=\"#\">Om M\/S Ambience<\/a><\/h3><\/div><div class=\"rise-blocks-accordion-content-wrapper\" itemprop=\"acceptedAnswer\" itemscope itemtype=\"http:\/\/schema.org\/Answer\"><div class=\"rise-blocks-accordion-content\" itemprop=\"text\">\n<p>Njut av en lugn och s\u00e4ker rundtur p\u00e5 de 2 gener\u00f6sa sold\u00e4cken eller om du f\u00f6redrar insidan i den mysiga loungen med stora panoramaf\u00f6nster och luftkonditionering.<\/p>\n\n\n\n<p>Grupper upp till 150 passagerare med 80 sittande matg\u00e4ster.<br>H\u00f6g komfort, atmosf\u00e4r och bra tillg\u00e4nglighet.<\/p>\n<\/div><\/div><\/div><\/div>\n\n\n\n<div id=\"rise-blocks-wp-block-rise-blocks-accordion-item-2-404601-7ef1-3cd-ced0-f8cd007f8aec\" itemscope itemprop=\"mainEntity\" itemtype=\"http:\/\/schema.org\/Question\" class=\"wp-block-rise-blocks-accordion-item\"><div class=\"rise-blocks-accordion-item\"><div class=\"rise-blocks-accordion-item-header\"><h3 itemprop=\"name\"><a href=\"#\"> Visionwp Details <\/a><\/h3><\/div><div class=\"rise-blocks-accordion-content-wrapper\" itemprop=\"acceptedAnswer\" itemscope itemtype=\"http:\/\/schema.org\/Answer\"><div class=\"rise-blocks-accordion-content\" itemprop=\"text\">\n<p>Njut av en lugn och s\u00e4ker rundtur p\u00e5 de 2 gener\u00f6sa sold\u00e4cken eller om du f\u00f6redrar insidan i den mysiga loungen med stora panoramaf\u00f6nster och luftkonditionering.<\/p>\n\n\n\n<p>Grupper upp till 150 passagerare med 80 sittande matg\u00e4ster.<br>H\u00f6g komfort, atmosf\u00e4r och bra tillg\u00e4nglighet.<\/p>\n<\/div><\/div><\/div><\/div>\n<\/div>\n\n\n\n<div id=\"rise-blocks-wp-block-rise-blocks-buttons-2-42f0652-bf43-48ae-f0d-71c0dd24515\" class=\"wp-block-rise-blocks-buttons\">\n<a id=\"rise-blocks-wp-block-rise-blocks-button-3-7c2ee85-bee3-e1ed-bf2-7f4308d5501\" class=\"wp-block-rise-blocks-button rise-blocks-icon-left\" rel=\"noopener noreferrer\" href=\"#\" target=\"\"><span class=\"rise-blocks-advanced-button-text\">Booking request<\/span><\/a>\n<\/div>\n<\/div>\n\n\n\n<div class=\"wp-block-column is-layout-flow wp-block-column-is-layout-flow\" style=\"flex-basis:55%\">\t\t\t<div id=\"rise-blocks-image-slider-block-instance-1-3e305f8-2ec-1702-b22c-2612bd262881\" class=\"rise-blocks-image-slider\">\r\n\t\t\t\t\t\t\t\t\t\t\t\t\t\t\t<div class=\"rise-blocks-image-slider-init\">\r\n\t\t\t\t\t\t\t\t\t\t\t\t\t\t<a class=\"image-slider\" href=\"#\" target=\"_self\">\r\n\t\t\t\t\t\t\t\t<span class=\"screen-reader-text\">woman-love-couple-romance-romantic-together-647692-pxhere-com<\/span>\r\n\t\t\t\t\t\t\t\t<img decoding=\"async\" src=\"http:\/\/demos.eaglevisionit.com\/visionwp-pro\/wp-content\/uploads\/sites\/5\/2022\/04\/woman-love-couple-romance-romantic-together-647692-pxhere.com_.jpg\"\r\n\t\t\t\t\t\t\t\t\t height=\"853\"\r\n\t\t\t\t\t\t\t\t\t width=\"100%\"\r\n\t\t\t\t\t\t\t\t\t alt=\"\"\r\n\t\t\t\t\t\t\t\t>\r\n\t\t\t\t\t\t\t<\/a>\r\n\t\t\t\t\t\t<\/div>\r\n\t\t\t\t\t\t\t\t\t\t\t<div class=\"rise-blocks-image-slider-init\">\r\n\t\t\t\t\t\t\t\t\t\t\t\t\t\t<a class=\"image-slider\" href=\"#\" target=\"_self\">\r\n\t\t\t\t\t\t\t\t<span class=\"screen-reader-text\">achievement-agreement-bump-business-closeup-colleagues-1576421-pxhere-com<\/span>\r\n\t\t\t\t\t\t\t\t<img decoding=\"async\" src=\"http:\/\/demos.eaglevisionit.com\/visionwp-pro\/wp-content\/uploads\/sites\/5\/2022\/04\/achievement-agreement-bump-business-closeup-colleagues-1576421-pxhere.com_.jpg\"\r\n\t\t\t\t\t\t\t\t\t height=\"861\"\r\n\t\t\t\t\t\t\t\t\t width=\"100%\"\r\n\t\t\t\t\t\t\t\t\t alt=\"\"\r\n\t\t\t\t\t\t\t\t>\r\n\t\t\t\t\t\t\t<\/a>\r\n\t\t\t\t\t\t<\/div>\r\n\t\t\t\t\t\t\t\t\t\t\t\t<\/div>\r\n\t\t\t<\/div>\n<\/div>\n\n\n\n<div class=\"wp-block-columns service-descriptions is-layout-flex wp-container-core-columns-is-layout-9d6595d7 wp-block-columns-is-layout-flex\">\n<div class=\"wp-block-column is-layout-flow wp-block-column-is-layout-flow\" style=\"flex-basis:55%\">\t\t\t<div id=\"rise-blocks-image-slider-block-instance-2-6080dad-f520-0a80-6b26-5cf2e70174d0\" class=\"rise-blocks-image-slider\">\r\n\t\t\t\t\t\t\t\t\t\t\t\t\t\t\t<div class=\"rise-blocks-image-slider-init\">\r\n\t\t\t\t\t\t\t\t\t\t\t\t\t\t<a class=\"image-slider\" href=\"#\" target=\"_self\">\r\n\t\t\t\t\t\t\t\t<span class=\"screen-reader-text\">recreation-swim-swimming-pool-leisure-swimming-swimmer-712390-pxhere-com_-scaled<\/span>\r\n\t\t\t\t\t\t\t\t<img decoding=\"async\" src=\"http:\/\/demos.eaglevisionit.com\/visionwp-pro\/wp-content\/uploads\/sites\/5\/2021\/12\/recreation-swim-swimming-pool-leisure-swimming-swimmer-712390-pxhere.com_-scaled-1.jpg\"\r\n\t\t\t\t\t\t\t\t\t height=\"1764\"\r\n\t\t\t\t\t\t\t\t\t width=\"100%\"\r\n\t\t\t\t\t\t\t\t\t alt=\"\"\r\n\t\t\t\t\t\t\t\t>\r\n\t\t\t\t\t\t\t<\/a>\r\n\t\t\t\t\t\t<\/div>\r\n\t\t\t\t\t\t\t\t\t\t\t<div class=\"rise-blocks-image-slider-init\">\r\n\t\t\t\t\t\t\t\t\t\t\t\t\t\t<a class=\"image-slider\" href=\"#\" target=\"_self\">\r\n\t\t\t\t\t\t\t\t<span class=\"screen-reader-text\">2<\/span>\r\n\t\t\t\t\t\t\t\t<img decoding=\"async\" src=\"http:\/\/demos.eaglevisionit.com\/visionwp-pro\/wp-content\/uploads\/sites\/5\/2022\/04\/2.jpg\"\r\n\t\t\t\t\t\t\t\t\t height=\"1365\"\r\n\t\t\t\t\t\t\t\t\t width=\"100%\"\r\n\t\t\t\t\t\t\t\t\t alt=\"\"\r\n\t\t\t\t\t\t\t\t>\r\n\t\t\t\t\t\t\t<\/a>\r\n\t\t\t\t\t\t<\/div>\r\n\t\t\t\t\t\t\t\t\t\t\t<div class=\"rise-blocks-image-slider-init\">\r\n\t\t\t\t\t\t\t\t\t\t\t\t\t\t<a class=\"image-slider\" href=\"#\" target=\"_self\">\r\n\t\t\t\t\t\t\t\t<span class=\"screen-reader-text\">1<\/span>\r\n\t\t\t\t\t\t\t\t<img decoding=\"async\" src=\"http:\/\/demos.eaglevisionit.com\/visionwp-pro\/wp-content\/uploads\/sites\/5\/2022\/04\/1.jpg\"\r\n\t\t\t\t\t\t\t\t\t height=\"573\"\r\n\t\t\t\t\t\t\t\t\t width=\"100%\"\r\n\t\t\t\t\t\t\t\t\t alt=\"\"\r\n\t\t\t\t\t\t\t\t>\r\n\t\t\t\t\t\t\t<\/a>\r\n\t\t\t\t\t\t<\/div>\r\n\t\t\t\t\t\t\t\t\t\t\t\t<\/div>\r\n\t\t\t<\/div>\n\n\n\n<div class=\"wp-block-column is-layout-flow wp-block-column-is-layout-flow\" style=\"flex-basis:45%\">\n<section id=\"rise-blocks-heading-block-instance-4-4bb8b5a-4d07-df0-52d6-611d041847ab\"><div class=\"rise-blocks-heading-section wp-block-rise-blocks-heading left\"><h2 class=\"rise-blocks-title\">Strandpilen<\/h2><div class=\"rise-blocks-sub-description\">Snabb, s\u00e4ker och h\u00f6g komfort f\u00f6r transport f\u00f6r att tillgodose alla behov av en fantastisk upplevelse.<br><br>Grupper upp till 98 passagerare med 60 sittande g\u00e4ster inne i salongen.<\/div><\/div><\/section>\n\n\n\n<div id=\"rise-blocks-wp-block-rise-blocks-accordion-2-1e0c6c5-e5d4-32-fa78-78eccde4e3\" class=\"wp-block-rise-blocks-accordion\">\n<div id=\"rise-blocks-wp-block-rise-blocks-accordion-item-4-c4f8b4a-611-31f0-578a-dc6440fa01c\" itemscope itemprop=\"mainEntity\" itemtype=\"http:\/\/schema.org\/Question\" class=\"wp-block-rise-blocks-accordion-item\"><div class=\"rise-blocks-accordion-item\"><div class=\"rise-blocks-accordion-item-header\"><h3 itemprop=\"name\"><a href=\"#\">Om M\/S Ambience<\/a><\/h3><\/div><div class=\"rise-blocks-accordion-content-wrapper\" itemprop=\"acceptedAnswer\" itemscope itemtype=\"http:\/\/schema.org\/Answer\"><div class=\"rise-blocks-accordion-content\" itemprop=\"text\">\n<p>Njut av en lugn och s\u00e4ker rundtur p\u00e5 de 2 gener\u00f6sa sold\u00e4cken eller om du f\u00f6redrar insidan i den mysiga loungen med stora panoramaf\u00f6nster och luftkonditionering.<\/p>\n\n\n\n<p>Grupper upp till 150 passagerare med 80 sittande matg\u00e4ster.<br>H\u00f6g komfort, atmosf\u00e4r och bra tillg\u00e4nglighet.<\/p>\n<\/div><\/div><\/div><\/div>\n\n\n\n<div id=\"rise-blocks-wp-block-rise-blocks-accordion-item-5-4cc002-c07f-becf-7a32-baa08e5c6e60\" itemscope itemprop=\"mainEntity\" itemtype=\"http:\/\/schema.org\/Question\" class=\"wp-block-rise-blocks-accordion-item\"><div class=\"rise-blocks-accordion-item\"><div class=\"rise-blocks-accordion-item-header\"><h3 itemprop=\"name\"><a href=\"#\"> Visionwp Details <\/a><\/h3><\/div><div class=\"rise-blocks-accordion-content-wrapper\" itemprop=\"acceptedAnswer\" itemscope itemtype=\"http:\/\/schema.org\/Answer\"><div class=\"rise-blocks-accordion-content\" itemprop=\"text\">\n<p>Njut av en lugn och s\u00e4ker rundtur p\u00e5 de 2 gener\u00f6sa sold\u00e4cken eller om du f\u00f6redrar insidan i den mysiga loungen med stora panoramaf\u00f6nster och luftkonditionering.<\/p>\n\n\n\n<p>Grupper upp till 150 passagerare med 80 sittande matg\u00e4ster.<br>H\u00f6g komfort, atmosf\u00e4r och bra tillg\u00e4nglighet.<\/p>\n<\/div><\/div><\/div><\/div>\n<\/div>\n\n\n\n<div id=\"rise-blocks-wp-block-rise-blocks-buttons-3-f81a5b8-b665-8865-2d68-5b23f42348\" class=\"wp-block-rise-blocks-buttons\">\n<a id=\"rise-blocks-wp-block-rise-blocks-button-4-306b54-530-4127-b628-d23d0c24c6\" class=\"wp-block-rise-blocks-button rise-blocks-icon-left\" rel=\"noopener noreferrer\" href=\"#\" target=\"\"><span class=\"rise-blocks-advanced-button-text\">Booking request<\/span><\/a>\n<\/div>\n<\/div>\n<\/div>\n<\/div><\/div><\/div>\n<\/div><\/div><\/div>\n\n\n\n<div id=\"rise-blocks-section-block-instance-6-d7cc4c-b610-2243-dad0-c8528e6b705a\" class=\"wp-block-rise-blocks-section\"><div class=\"rise-blocks-boxed rise-blocks-section-wrapper\"><div class=\"rise-blocks-section-overlay\"><\/div><div class=\"rise-blocks-section-inner\">\n<div id=\"rise-blocks-section-block-instance-7-6e23116-55c0-7d71-c8ca-7a1f822a2c\" class=\"wp-block-rise-blocks-section\"><div class=\"rise-blocks-boxed rise-blocks-section-wrapper\"><div class=\"rise-blocks-section-inner\">\n<div id=\"rise-blocks-section-block-instance-8-44fee72-d8cf-d4ab-71ec-b6fc072ad4ef\" class=\"wp-block-rise-blocks-section\"><div class=\"rise-blocks-boxed rise-blocks-section-wrapper\"><div class=\"rise-blocks-section-inner\">\n<section id=\"rise-blocks-heading-block-instance-5-3041c7-f83c-f8cd-4fde-6f7a806243fc\"><div class=\"rise-blocks-heading-section wp-block-rise-blocks-heading center\"><h2 class=\"rise-blocks-title\">Have any questions <\/h2><div class=\"rise-blocks-sub-description\">V\u00e4nligen skicka en bokningsf\u00f6rfr\u00e5gan till oss.<br>Oavsett om vill du boka en sightseeing eller charter,<br>s\u00e5 \u00e4r du \u00e4r varmt v\u00e4lkommen.<br><br>Vi kommer att g\u00f6ra v\u00e5rt b\u00e4sta f\u00f6r att tillfredsst\u00e4lla dig och erbjuda<br>du det b\u00e4sta paketet.iendis voluptatibus.<\/div><\/div><\/section>\n\n\n\n<div class=\"wpcf7 no-js\" id=\"wpcf7-f131-o1\" lang=\"en-US\" dir=\"ltr\" data-wpcf7-id=\"131\">\n<div class=\"screen-reader-response\"><p role=\"status\" aria-live=\"polite\" aria-atomic=\"true\"><\/p> <ul><\/ul><\/div>\n<form action=\"\/visionwp-pro\/wp-json\/wp\/v2\/pages\/12#wpcf7-f131-o1\" method=\"post\" class=\"wpcf7-form init\" aria-label=\"Contact form\" novalidate=\"novalidate\" data-status=\"init\">\n<fieldset class=\"hidden-fields-container\"><input type=\"hidden\" name=\"_wpcf7\" value=\"131\" \/><input type=\"hidden\" name=\"_wpcf7_version\" value=\"6.1.5\" \/><input type=\"hidden\" name=\"_wpcf7_locale\" value=\"en_US\" \/><input type=\"hidden\" name=\"_wpcf7_unit_tag\" value=\"wpcf7-f131-o1\" \/><input type=\"hidden\" name=\"_wpcf7_container_post\" value=\"0\" \/><input type=\"hidden\" name=\"_wpcf7_posted_data_hash\" value=\"\" \/>\n<\/fieldset>\n<div id=\"booking-form\">\n\t<p><span class=\"wpcf7-form-control-wrap\" data-name=\"your-email\"><input size=\"40\" maxlength=\"400\" class=\"wpcf7-form-control wpcf7-email wpcf7-validates-as-required wpcf7-text wpcf7-validates-as-email\" aria-required=\"true\" aria-invalid=\"false\" placeholder=\"From email\" value=\"\" type=\"email\" name=\"your-email\" \/><\/span><span class=\"wpcf7-form-control-wrap\" data-name=\"tel-909\"><input size=\"40\" maxlength=\"400\" class=\"wpcf7-form-control wpcf7-tel wpcf7-validates-as-required wpcf7-text wpcf7-validates-as-tel\" aria-required=\"true\" aria-invalid=\"false\" placeholder=\"Your phone number\" value=\"\" type=\"tel\" name=\"tel-909\" \/><\/span><span class=\"wpcf7-form-control-wrap\" data-name=\"your-message\"><textarea cols=\"40\" rows=\"10\" maxlength=\"2000\" class=\"wpcf7-form-control wpcf7-textarea\" aria-invalid=\"false\" placeholder=\"Tell us about your request\u2026\" name=\"your-message\"><\/textarea><\/span>\n\t<\/p>\n\t<div class=\"form-footer\">\n\t\t<div>\n\t\t\t<p><span class=\"wpcf7-form-control-wrap\" data-name=\"checkbox-528\"><span class=\"wpcf7-form-control wpcf7-checkbox wpcf7-validates-as-required\"><span class=\"wpcf7-list-item first last\"><label><input type=\"checkbox\" name=\"checkbox-528[]\" value=\"Accept our\" \/><span class=\"wpcf7-list-item-label\">Accept our<\/span><\/label><\/span><\/span><\/span><a href=\"#\">privacy policy<\/a>\n\t\t\t<\/p>\n\t\t<\/div>\n\t\t<p><input class=\"wpcf7-form-control wpcf7-submit has-spinner\" type=\"submit\" value=\"Send message\" \/>\n\t\t<\/p>\n\t<\/div>\n<\/div><div class=\"wpcf7-response-output\" aria-hidden=\"true\"><\/div>\n<\/form>\n<\/div>\n\n<\/div><\/div><\/div>\n<\/div><\/div><\/div>\n<\/div><\/div><\/div>\n<\/div><\/div><\/div>\n","protected":false},"excerpt":{"rendered":"","protected":false},"author":1,"featured_media":0,"parent":0,"menu_order":0,"comment_status":"closed","ping_status":"closed","template":"page-templates\/full-width.php","meta":{"footnotes":""},"class_list":["post-12","page","type-page","status-publish","hentry"],"rise-blocks_excerpt":"","_links":{"self":[{"href":"https:\/\/demos.eaglevisionit.com\/visionwp-pro\/wp-json\/wp\/v2\/pages\/12","targetHints":{"allow":["GET"]}}],"collection":[{"href":"https:\/\/demos.eaglevisionit.com\/visionwp-pro\/wp-json\/wp\/v2\/pages"}],"about":[{"href":"https:\/\/demos.eaglevisionit.com\/visionwp-pro\/wp-json\/wp\/v2\/types\/page"}],"author":[{"embeddable":true,"href":"https:\/\/demos.eaglevisionit.com\/visionwp-pro\/wp-json\/wp\/v2\/users\/1"}],"replies":[{"embeddable":true,"href":"https:\/\/demos.eaglevisionit.com\/visionwp-pro\/wp-json\/wp\/v2\/comments?post=12"}],"version-history":[{"count":1,"href":"https:\/\/demos.eaglevisionit.com\/visionwp-pro\/wp-json\/wp\/v2\/pages\/12\/revisions"}],"predecessor-version":[{"id":308,"href":"https:\/\/demos.eaglevisionit.com\/visionwp-pro\/wp-json\/wp\/v2\/pages\/12\/revisions\/308"}],"wp:attachment":[{"href":"https:\/\/demos.eaglevisionit.com\/visionwp-pro\/wp-json\/wp\/v2\/media?parent=12"}],"curies":[{"name":"wp","href":"https:\/\/api.w.org\/{rel}","templated":true}]}}